{"id":105,"date":"2017-01-02T16:44:23","date_gmt":"2017-01-02T15:44:23","guid":{"rendered":"http:\/\/www.beesimple.de\/wordpress\/?page_id=105"},"modified":"2018-03-31T21:25:36","modified_gmt":"2018-03-31T19:25:36","slug":"materialliste","status":"publish","type":"page","link":"https:\/\/www.beesimple.de\/index.php\/tipps-fuer-anfaenger\/materialliste\/","title":{"rendered":"Materialliste"},"content":{"rendered":"<h2>Was braucht es an Material um Bienen zu halten?<\/h2>\n<p>Ich habe hier mal versucht aufzuschreiben, was man so als Imker braucht. Nicht alles braucht man sofort und auch nicht im gleichen Jahr. Wenn man am Anfang der Bienensaison mit dem V\u00f6lkern startet, dann braucht man noch nicht sofort die Honiggl\u00e4ser oder Oxals\u00e4ure. Vieles l\u00e4sst sich \u00fcber den Verein regeln. Also gemeinsam behandeln, oder beim Paten mitschleudern, etc. &#8230;<\/p>\n<p>Wie bei jedem Hobby &#8211; Grenzen nach oben gibt es fast nicht und ein Spruch besagt, dass man Imkern fast alles verkaufen kann.<br \/>\nViele Alt-Imker dr\u00fccken ihren Sch\u00fclern auch gerne das alte Zeugs auf Auge. Davon sollte man Abstand nehmen und\u00a0besser neu kaufen &#8211; meine Devise. Was ein wichtiger Punkt ist: \u00a0<b>man braucht<\/b>\u00a0<b>Platz!<\/b>\u00a0zum Lagern der diversen Utensilien.<\/p>\n<p>Anf\u00e4nger sollten etwa mit Kosten von 2000.- Euro rechnen, dann hat man aber auch schon gutes Material und soweit alles zusammen. Wichtig ist, sich auf das Hobby und die Bienen zu konzentrieren und sich nicht fragen zu m\u00fcssen, wo bekomme ich jetzt das Material m\u00f6glichst g\u00fcnstig her. Imkerverein \/ Versicherung fallen zwar j\u00e4hrlich an, sind aber meisten weniger als 10.- Euro im Monat.<\/p>\n<p>&nbsp;<\/p>\n                \t<style type=\"text\/css\">\n                \t.kad-slider-779 .kad-slider .kadcaptiontitle {font-size:24px;}.kad-slider-779 .kad-slider .kadcaptiontitle {font-weight:300;}.kad-slider-779 .kad-slider .kadcaptiontitle {letter-spacing:normalpx;}.kad-slider-779 .kad-slider .kadcaptiontext p {font-size:18px;}.kad-slider-779 .kad-slider .kadcaptiontext p {font-weight:400;}.kad-slider-779 .kad-slider .kadcaptiontext p {letter-spacing:normalpx;}.kad-slider-779 .kad-slider .caption-case-inner {text-align:center;}@media (max-width: 992px) {.kad-slider-779 .kad-slider .kadcaptiontext p {font-size:18px;}.kad-slider-779 .kad-slider .kadcaptiontitle {font-size:50px;}} @media (max-width: 767px) {.kad-slider-779 .kad-slider .kadcaptiontitle {font-size:26px;}.kad-slider-779 .kad-slider .kadcaptiontext p {font-size:14px;}}                \t<\/style>\n\t\t\t  \t<div class=\"kad-slider-wrapper   kad-slider-779\" data-ktslider-id=\"779\" data-ktslider-auto-play=\"true\" data-ktslider-pause-time=\"9000\" data-ktslider-height=\"720\" data-ktslider-height-type=\"normal\" style=\"max-width:1200px; margin-left: auto; margin-right:auto;\">\n\t\t\t    \t<div id=\"kad-slider-779\" class=\"kad-slider kad-loading\" style=\"margin-left: auto; margin-right:auto; height:720px; \">\n\t\t\t        \t<ul class=\"kad-slider-canvas seq-canvas\" style=\"height:720px;\" >\n\t\t\t        \t\t\t\t                      <li> \n\t\t\t                              <div class=\"kad-slide kad-slide-1  \" style=\"background-image: url('https:\/\/www.beesimple.de\/wp-content\/uploads\/Ausr\u00fcstung\/IMG_3534.jpg'); background-size:cover; background-repeat: no-repeat;\">\n\t\t\t                              \t<div class=\"caption-case kad-placement-bc\">\n\t\t\t                                \t<div class=\"kad-slide-caption animated kt-fadeIn kt-fadeOut\">\n\t\t\t                                \t\t<div class=\"caption-case-inner\" data-0=\"opacity: 1;\" data-300=\"opacity: 0;\">\n\t\t\t\t\t                                <div class=\"kadcaptiontitle clearfix headerfont\">Die Imkerpfeife - f\u00fcr den, der es klassisch mag<\/div><div class=\"clearfix\"><\/div>\t\t\t\t\t                                \t\t\t\t\t                                \t\t\t\t\t                                \t\t\t                                \t\t<\/div> \n\t\t\t                                \t<\/div> \n\t\t\t                            \t<\/div>\n\t\t\t                            <\/div>\n\t\t\t                      \t<\/li> \n\t\t\t                      \t\t\t\t            \t\t\t                      <li> \n\t\t\t                              <div class=\"kad-slide kad-slide-2  \" style=\"background-image: url('https:\/\/www.beesimple.de\/wp-content\/uploads\/Ausr\u00fcstung\/IMG_3535.jpg'); background-size:cover; background-repeat: no-repeat;\">\n\t\t\t                              \t<div class=\"caption-case kad-placement-bc\">\n\t\t\t                                \t<div class=\"kad-slide-caption animated kt-fadeIn kt-fadeOut\">\n\t\t\t                                \t\t<div class=\"caption-case-inner\" data-0=\"opacity: 1;\" data-300=\"opacity: 0;\">\n\t\t\t\t\t                                <div class=\"kadcaptiontitle clearfix headerfont\">Bienenbesen<\/div><div class=\"clearfix\"><\/div>\t\t\t\t\t                                \t\t\t\t\t                                \t\t\t\t\t                                \t\t\t                                \t\t<\/div> \n\t\t\t                                \t<\/div> \n\t\t\t                            \t<\/div>\n\t\t\t                            <\/div>\n\t\t\t                      \t<\/li> \n\t\t\t                      \t\t\t\t            \t\t\t                      <li> \n\t\t\t                              <div class=\"kad-slide kad-slide-3  \" style=\"background-image: url('https:\/\/www.beesimple.de\/wp-content\/uploads\/Ausr\u00fcstung\/IMG_3533.jpg'); background-size:cover; background-repeat: no-repeat;\">\n\t\t\t                              \t<div class=\"caption-case kad-placement-bc\">\n\t\t\t                                \t<div class=\"kad-slide-caption animated kt-fadeIn kt-fadeOut\">\n\t\t\t                                \t\t<div class=\"caption-case-inner\" data-0=\"opacity: 1;\" data-300=\"opacity: 0;\">\n\t\t\t\t\t                                <div class=\"kadcaptiontitle clearfix headerfont\">Rauchmittel gekauft oder selber gemacht, wird fast immer gebraucht<\/div><div class=\"clearfix\"><\/div>\t\t\t\t\t                                \t\t\t\t\t                                \t\t\t\t\t                                \t\t\t                                \t\t<\/div> \n\t\t\t                                \t<\/div> \n\t\t\t                            \t<\/div>\n\t\t\t                            <\/div>\n\t\t\t                      \t<\/li> \n\t\t\t                      \t\t\t\t            \t\t\t                      <li> \n\t\t\t                              <div class=\"kad-slide kad-slide-4  \" style=\"background-image: url('https:\/\/www.beesimple.de\/wp-content\/uploads\/Ausr\u00fcstung\/IMG_3545.jpg'); background-size:cover; background-repeat: no-repeat;\">\n\t\t\t                              \t<div class=\"caption-case kad-placement-bc\">\n\t\t\t                                \t<div class=\"kad-slide-caption animated kt-fadeIn kt-fadeOut\">\n\t\t\t                                \t\t<div class=\"caption-case-inner\" data-0=\"opacity: 1;\" data-300=\"opacity: 0;\">\n\t\t\t\t\t                                <div class=\"kadcaptiontitle clearfix headerfont\">R\u00e4hmchen mit Mittelwand<\/div><div class=\"clearfix\"><\/div>\t\t\t\t\t                                \t\t\t\t\t                                \t\t\t\t\t                                \t\t\t                                \t\t<\/div> \n\t\t\t                                \t<\/div> \n\t\t\t                            \t<\/div>\n\t\t\t                            <\/div>\n\t\t\t                      \t<\/li> \n\t\t\t                      \t\t\t\t            \t\t\t                      <li> \n\t\t\t                              <div class=\"kad-slide kad-slide-5  \" style=\"background-image: url('https:\/\/www.beesimple.de\/wp-content\/uploads\/Ausr\u00fcstung\/IMG_3551.jpg'); background-size:cover; background-repeat: no-repeat;\">\n\t\t\t                              \t<div class=\"caption-case kad-placement-bc\">\n\t\t\t                                \t<div class=\"kad-slide-caption animated kt-fadeIn kt-fadeOut\">\n\t\t\t                                \t\t<div class=\"caption-case-inner\" data-0=\"opacity: 1;\" data-300=\"opacity: 0;\">\n\t\t\t\t\t                                <div class=\"kadcaptiontitle clearfix headerfont\">Gl\u00e4ser und Deckel gibt es in unterschiedlichsten Ausf\u00fchrungen<\/div><div class=\"clearfix\"><\/div>\t\t\t\t\t                                \t\t\t\t\t                                \t\t\t\t\t                                \t\t\t                                \t\t<\/div> \n\t\t\t                                \t<\/div> \n\t\t\t                            \t<\/div>\n\t\t\t                            <\/div>\n\t\t\t                      \t<\/li> \n\t\t\t                      \t\t\t\t            \t\t\t                      <li> \n\t\t\t                              <div class=\"kad-slide kad-slide-6  \" style=\"background-image: url('https:\/\/www.beesimple.de\/wp-content\/uploads\/Ausr\u00fcstung\/IMG_3555.jpg'); background-size:cover; background-repeat: no-repeat;\">\n\t\t\t                              \t<div class=\"caption-case kad-placement-bc\">\n\t\t\t                                \t<div class=\"kad-slide-caption animated kt-fadeIn kt-fadeOut\">\n\t\t\t                                \t\t<div class=\"caption-case-inner\" data-0=\"opacity: 1;\" data-300=\"opacity: 0;\">\n\t\t\t\t\t                                <div class=\"kadcaptiontitle clearfix headerfont\">Der Smoker - Herzst\u00fcck vieler Imkereien \ud83d\ude09<\/div><div class=\"clearfix\"><\/div>\t\t\t\t\t                                \t\t\t\t\t                                \t\t\t\t\t                                \t\t\t                                \t\t<\/div> \n\t\t\t                                \t<\/div> \n\t\t\t                            \t<\/div>\n\t\t\t                            <\/div>\n\t\t\t                      \t<\/li> \n\t\t\t                      \t\t\t\t            \t\t\t                      <li> \n\t\t\t                              <div class=\"kad-slide kad-slide-7  \" style=\"background-image: url('https:\/\/www.beesimple.de\/wp-content\/uploads\/Ausr\u00fcstung\/IMG_3554.jpg'); background-size:cover; background-repeat: no-repeat;\">\n\t\t\t                              \t<div class=\"caption-case kad-placement-bc\">\n\t\t\t                                \t<div class=\"kad-slide-caption animated kt-fadeIn kt-fadeOut\">\n\t\t\t                                \t\t<div class=\"caption-case-inner\" data-0=\"opacity: 1;\" data-300=\"opacity: 0;\">\n\t\t\t\t\t                                <div class=\"kadcaptiontitle clearfix headerfont\">Fusselfreie (!) T\u00fccher kann man nie genug haben<\/div><div class=\"clearfix\"><\/div>\t\t\t\t\t                                \t\t\t\t\t                                \t\t\t\t\t                                \t\t\t                                \t\t<\/div> \n\t\t\t                                \t<\/div> \n\t\t\t                            \t<\/div>\n\t\t\t                            <\/div>\n\t\t\t                      \t<\/li> \n\t\t\t                      \t\t\t\t            \t\t\t                      <li> \n\t\t\t                              <div class=\"kad-slide kad-slide-8  \" style=\"background-image: url('https:\/\/www.beesimple.de\/wp-content\/uploads\/Ausr\u00fcstung\/IMG_3558.jpg'); background-size:cover; background-repeat: no-repeat;\">\n\t\t\t                              \t<div class=\"caption-case kad-placement-bc\">\n\t\t\t                                \t<div class=\"kad-slide-caption animated kt-fadeIn kt-fadeOut\">\n\t\t\t                                \t\t<div class=\"caption-case-inner\" data-0=\"opacity: 1;\" data-300=\"opacity: 0;\">\n\t\t\t\t\t                                <div class=\"kadcaptiontitle clearfix headerfont\">Stockmeissel gibt's in diversen Ausf\u00fchrungen<\/div><div class=\"clearfix\"><\/div>\t\t\t\t\t                                \t\t\t\t\t                                \t\t\t\t\t                                \t\t\t                                \t\t<\/div> \n\t\t\t                                \t<\/div> \n\t\t\t                            \t<\/div>\n\t\t\t                            <\/div>\n\t\t\t                      \t<\/li> \n\t\t\t                      \t\t\t\t            \t\t\t                      <li> \n\t\t\t                              <div class=\"kad-slide kad-slide-9  \" style=\"background-image: url('https:\/\/www.beesimple.de\/wp-content\/uploads\/Honig\/IMG_3565.jpg'); background-size:cover; background-repeat: no-repeat;\">\n\t\t\t                              \t<div class=\"caption-case kad-placement-bc\">\n\t\t\t                                \t<div class=\"kad-slide-caption animated kt-fadeIn kt-fadeOut\">\n\t\t\t                                \t\t<div class=\"caption-case-inner\" data-0=\"opacity: 1;\" data-300=\"opacity: 0;\">\n\t\t\t\t\t                                <div class=\"kadcaptiontitle clearfix headerfont\">Honiglager - Platz und einen k\u00fchlen Raum braucht man!<\/div><div class=\"clearfix\"><\/div>\t\t\t\t\t                                \t\t\t\t\t                                \t\t\t\t\t                                \t\t\t                                \t\t<\/div> \n\t\t\t                                \t<\/div> \n\t\t\t                            \t<\/div>\n\t\t\t                            <\/div>\n\t\t\t                      \t<\/li> \n\t\t\t                      \t\t\t\t            \t\t\t                      <li> \n\t\t\t                              <div class=\"kad-slide kad-slide-10  \" style=\"background-image: url('https:\/\/www.beesimple.de\/wp-content\/uploads\/Ausr\u00fcstung\/IMG_3570.jpg'); background-size:cover; background-repeat: no-repeat;\">\n\t\t\t                              \t<div class=\"caption-case kad-placement-bc\">\n\t\t\t                                \t<div class=\"kad-slide-caption animated kt-fadeIn kt-fadeOut\">\n\t\t\t                                \t\t<div class=\"caption-case-inner\" data-0=\"opacity: 1;\" data-300=\"opacity: 0;\">\n\t\t\t\t\t                                <div class=\"kadcaptiontitle clearfix headerfont\">Refraktometer zur Messung des Feuchtigkeitsgehalts<\/div><div class=\"clearfix\"><\/div>\t\t\t\t\t                                \t\t\t\t\t                                \t\t\t\t\t                                \t\t\t                                \t\t<\/div> \n\t\t\t                                \t<\/div> \n\t\t\t                            \t<\/div>\n\t\t\t                            <\/div>\n\t\t\t                      \t<\/li> \n\t\t\t                      \t\t\t\t            \t\t\t                      <li> \n\t\t\t                              <div class=\"kad-slide kad-slide-11  \" style=\"background-image: url('https:\/\/www.beesimple.de\/wp-content\/uploads\/Ausr\u00fcstung\/IMG_3410.jpg'); background-size:cover; background-repeat: no-repeat;\">\n\t\t\t                              \t<div class=\"caption-case kad-placement-bc\">\n\t\t\t                                \t<div class=\"kad-slide-caption animated kt-fadeIn kt-fadeOut\">\n\t\t\t                                \t\t<div class=\"caption-case-inner\" data-0=\"opacity: 1;\" data-300=\"opacity: 0;\">\n\t\t\t\t\t                                <div class=\"kadcaptiontitle clearfix headerfont\">Refraktometer am Bienenstand<\/div><div class=\"clearfix\"><\/div>\t\t\t\t\t                                \t\t\t\t\t                                \t\t\t\t\t                                \t\t\t                                \t\t<\/div> \n\t\t\t                                \t<\/div> \n\t\t\t                            \t<\/div>\n\t\t\t                            <\/div>\n\t\t\t                      \t<\/li> \n\t\t\t                      \t\t\t\t            \t\t\t        \t<\/ul>\n\t\t\t        \t<ul class=\"kad-slider-pagination kad-pag-779\">\n\t\t\t        \t\t\t\t\t\t\t\t    <li class=\"kad-slider-dot\"><\/li>\n\t\t\t\t\t\t    \t\t\t\t\t\t    <li class=\"kad-slider-dot\"><\/li>\n\t\t\t\t\t\t    \t\t\t\t\t\t    <li class=\"kad-slider-dot\"><\/li>\n\t\t\t\t\t\t    \t\t\t\t\t\t    <li class=\"kad-slider-dot\"><\/li>\n\t\t\t\t\t\t    \t\t\t\t\t\t    <li class=\"kad-slider-dot\"><\/li>\n\t\t\t\t\t\t    \t\t\t\t\t\t    <li class=\"kad-slider-dot\"><\/li>\n\t\t\t\t\t\t    \t\t\t\t\t\t    <li class=\"kad-slider-dot\"><\/li>\n\t\t\t\t\t\t    \t\t\t\t\t\t    <li class=\"kad-slider-dot\"><\/li>\n\t\t\t\t\t\t    \t\t\t\t\t\t    <li class=\"kad-slider-dot\"><\/li>\n\t\t\t\t\t\t    \t\t\t\t\t\t    <li class=\"kad-slider-dot\"><\/li>\n\t\t\t\t\t\t    \t\t\t\t\t\t    <li class=\"kad-slider-dot\"><\/li>\n\t\t\t\t\t\t    \t\t\t\t\t\t<\/ul>\n\t\t\t        \t<a class=\"kad-slider-next kad-slider-navigate kad-next-779\"><\/a>\n\t\t\t        \t<a class=\"kad-slider-prev kad-slider-navigate kad-prev-779\"><\/a>\n\t\t\t        \t\t\t\t      <\/div> <!--kad-slides-->\n\t\t\t  <\/div> <!--kad-slider-->\n            \t\t\n\t\n<p>&nbsp;<\/p>\n<h4><strong>Material zur Bewirtschaftung:<\/strong><\/h4>\n<ul>\n<li>Beute f\u00fcr die Bienen inkl. weiterer Zargen f\u00fcr die Volkserweiterung sowie f\u00fcr die Ableger. (Man kauft in der Regel den Beutentyp, den der Pate hat, bzw. von dem man die Bienen kaufen m\u00f6chte. Sonst hat man hinterher Probleme die gekaufen Bienen in die Beute zu bekommen, wenn man ein anderes R\u00e4hmchenma\u00df verwendet!)<\/li>\n<li>dazu geeignete Farbe, Abdeckfolien oder Abdeckgaze<\/li>\n<li>etwas wo man die V\u00f6lker draufstellen kann. Die V\u00f6lker stellt man gerne 30 cm \u00fcber dem Boden auf. Besser f\u00fcr die Bienen &amp; besser f\u00fcr den eigenen R\u00fccken \ud83d\ude09 Mancher nimmt Europaletten, Stein oder B\u00f6cke.<\/li>\n<li>R\u00e4hmchen in ausreichender Anzahl<\/li>\n<li>Mittelw\u00e4nde von guter Qualit\u00e4t<\/li>\n<li>Absperrgitter je Volk 1x<\/li>\n<li>Bienenflucht je Volk 1x<\/li>\n<li>Stockmei\u00dfel<\/li>\n<li>Stichschutz, Handschuhe<\/li>\n<li>Smoker und Rauchmittel<\/li>\n<li>Besen zum Abfegen der Bienen<\/li>\n<li>Taschenlampe<\/li>\n<li>Pinzette<\/li>\n<li>Abfangklipp<\/li>\n<li>Helpic (Soforthilfe nach Insektenstichen\u00a0Tropfflasche mit 5 ml) Wenn man eisenhart ist braucht man das nicht, aber ich nehme es und es hilft sehr gut \ud83d\ude09 .<\/li>\n<li>Verdunster f\u00fcr Ameisens\u00e4ure (Nassenheider), je Volk 1x<\/li>\n<li>Wabendrahtspanner<\/li>\n<li>Ger\u00e4t zum Einl\u00f6ten der Mittelw\u00e4nde<\/li>\n<li><\/li>\n<li>S\u00e4ureschutz &#8211; Sch\u00fcrze, Handschuhe, Brille und ev. Atemschutz<\/li>\n<li>Dampfwachsschmelzer<\/li>\n<\/ul>\n<p>&nbsp;<\/p>\n<h4><\/h4>\n<h4>Verbrauchsmaterial:<\/h4>\n<ul>\n<li>Ameisens\u00e4ure 60%ig<\/li>\n<li>R\u00e4hmchen &#8211; Man kann die auch l\u00e4nger verwenden, muss dann aber hin- und wieder mal was austauschen bzw. muss sie dann reinigen. M.E. nach lohnt das Reinigen nicht immer. Lieber ein paar neue kaufen, denn die Aufarbeitung braucht schon sehr viel Zeit und auch wieder N\u00e4gel, den richtigen Draht, \u00d6lfa\u00df oder gro\u00dfen Bottich zum Abkochen, 11kw Gasbrenner, Gasflsche etc &#8230;<\/li>\n<li>Wachs &#8211; bis man seinen eigenen Wachskreislauf hat, dauert es u.U. sehr lange. Gutes Wachs kaufen!!! Die Waben brechen sonst zusammen, bzw. die Bienen sterben u.U. weil Parfin (\u00d6l) verarbeitet wurde.<\/li>\n<li>Rauchstoff, gekauft oder selber hergestellt \ud83d\ude09<\/li>\n<li>ggf. Milchs\u00e4ure 15%ig<\/li>\n<li>ggf. Oxals\u00e4ure<\/li>\n<li>Ein St\u00fcck Kreide, damit man mal schnell was an die Beuten schreiben kann<\/li>\n<\/ul>\n<p>&nbsp;<\/p>\n<p>&nbsp;<\/p>\n<h4>Honiggewinnung &amp; Verarbeitung<\/h4>\n<ul>\n<li>Honigschleuder &#8211; kann man im ersten Jahr meistens bei seinem Paten nutzen &#8211; das Problem ist aber, dass immer alle zur gleichen Zeit schleudern und man kann auch nicht unendlich warten.<\/li>\n<li>div. Honigeimer oder Lagergef\u00e4\u00dfe aus Kunststoff oder Metall<\/li>\n<li>Entdeckelungsgeschirr<\/li>\n<li>Honiggl\u00e4ser und Ettikett. Nimmt man die D.I.B. Ettiketten mu\u00df man sich rechtzeitig um die Bestellung k\u00fcmmern. Auch sind Gl\u00e4ser zum Abf\u00fcllzeitpunkt manchmal ausverkauft<\/li>\n<li>Ger\u00e4t um den Honig aufzutauen \/ verfl\u00fcssigen, wie z.B. den Honigmeister<\/li>\n<li>Fusselfreie Handt\u00fccher (Sind im Gro\u00dfhandel g\u00fcnstig zu bekommen und sehr empfehlenswert)<\/li>\n<li>Kuchenspatel um die oberste Schicht vom Honig absch\u00f6pfen zu k\u00f6nnen (1 Tag nach dem Schleudern)<\/li>\n<li>mind. 3 Siebe<\/li>\n<\/ul>\n<p><span style=\"color: #ff0000;\"><strong>UND<\/strong><\/span> nat\u00fcrlich braucht man i.d.R. mind. zwei V\u00f6lker und gute Laune!<\/p>\n<p>&nbsp;<\/p>\n<h4>Zucht und Zubeh\u00f6r sind ein weiteres Thema<\/h4>\n<p>&#8230; zu vervollst\u00e4ndigen &#8230;<\/p>\n<p>&nbsp;<\/p>\n<p>Hier noch ein Link auf das Video von <a href=\"http:\/\/nordbiene.de\/\" target=\"_blank\" rel=\"noopener\">nordbiene.de<\/a><\/p>\n<div class=\"kad-youtube-shortcode videofit\"  ><iframe loading=\"lazy\" width=\"600\" height=\"400\" src=\"https:\/\/www.youtube.com\/embed\/kh9MuPcJNTE?autoplay=0&controls=1&fs=1&modestbranding=0&theme=dark&rel=0&loop=0&showinfo=1\" frameborder=\"0\" allowfullscreen=\"true\"><\/iframe><\/div>\n<p>&nbsp;<\/p>\n","protected":false},"excerpt":{"rendered":"<p>Was braucht es an Material um Bienen zu halten? Ich habe hier mal versucht aufzuschreiben, was man so als Imker braucht. Nicht alles braucht man sofort und auch nicht im gleichen Jahr. Wenn man am Anfang der Bienensaison mit dem V\u00f6lkern startet, dann braucht man noch nicht sofort die Honiggl\u00e4ser &hellip; <a class=\"kt-excerpt-readmore\" href=\"https:\/\/www.beesimple.de\/index.php\/tipps-fuer-anfaenger\/materialliste\/\" aria-label=\"Materialliste\">Weiterlesen<\/a><\/p>\n","protected":false},"author":1,"featured_media":0,"parent":17,"menu_order":1,"comment_status":"closed","ping_status":"closed","template":"page-fullwidth.php","meta":{"footnotes":""},"class_list":["post-105","page","type-page","status-publish","hentry"],"_links":{"self":[{"href":"https:\/\/www.beesimple.de\/index.php\/wp-json\/wp\/v2\/pages\/105","targetHints":{"allow":["GET"]}}],"collection":[{"href":"https:\/\/www.beesimple.de\/index.php\/wp-json\/wp\/v2\/pages"}],"about":[{"href":"https:\/\/www.beesimple.de\/index.php\/wp-json\/wp\/v2\/types\/page"}],"author":[{"embeddable":true,"href":"https:\/\/www.beesimple.de\/index.php\/wp-json\/wp\/v2\/users\/1"}],"replies":[{"embeddable":true,"href":"https:\/\/www.beesimple.de\/index.php\/wp-json\/wp\/v2\/comments?post=105"}],"version-history":[{"count":19,"href":"https:\/\/www.beesimple.de\/index.php\/wp-json\/wp\/v2\/pages\/105\/revisions"}],"predecessor-version":[{"id":993,"href":"https:\/\/www.beesimple.de\/index.php\/wp-json\/wp\/v2\/pages\/105\/revisions\/993"}],"up":[{"embeddable":true,"href":"https:\/\/www.beesimple.de\/index.php\/wp-json\/wp\/v2\/pages\/17"}],"wp:attachment":[{"href":"https:\/\/www.beesimple.de\/index.php\/wp-json\/wp\/v2\/media?parent=105"}],"curies":[{"name":"wp","href":"https:\/\/api.w.org\/{rel}","templated":true}]}}