{"id":107,"date":"2017-01-02T16:45:06","date_gmt":"2017-01-02T15:45:06","guid":{"rendered":"http:\/\/www.beesimple.de\/wordpress\/?page_id=107"},"modified":"2018-03-17T15:43:00","modified_gmt":"2018-03-17T14:43:00","slug":"der-anfang","status":"publish","type":"page","link":"https:\/\/www.beesimple.de\/index.php\/tipps-fuer-anfaenger\/der-anfang\/","title":{"rendered":"Der Anfang"},"content":{"rendered":"<h2>Wo und Wie sollte man am besten anfangen?<\/h2>\n<p>Wie so oft im Leben, gibt es keine klaren Schritte, aber sicherlich ein paar Ideen die jeder f\u00fcr sich adaptieren mu\u00df. Bei der Internet-Recherche st\u00f6\u00dft man meistens auf einen lokalen Imkerverein. An den sollte man sich dann auch wenden, wenn man nicht ohnehin schon ein Imker kennt. Ansonsten sucht man nach dem Landesverband f\u00fcr Imkerei in dem jeweiligen Bundesland. Dort wird einem auch umgehend geholfen.<\/p>\n<p>Ich halte es von Vorteil, wenn man jemanden hat, bei dem man &#8222;mitlaufen&#8220; kann. Denn Bienenhaltung ist nicht mal eben nebenbei gemacht. Ich war zu Anfang auch sehr verwundert, auf was man alles achten mu\u00df, damit es auch gut klappt.<\/p>\n<p>Vom dem &#8222;Paten&#8220; aus dem Imkerverein bekommt man meistens auch seine ersten V\u00f6lker. Die liegen so &#8211; je nach Volksst\u00e4rke &#8211; zwischen 75.-\u00a0 und 200.- Euro. Dann braucht man noch eine Menge an Material. Einiges kann man gebraucht kaufen, was dann zwar billig ist, aber man f\u00e4ngt auch gleich damit an, alte Beutenteile zu desinfizieren, bzw. R\u00e4hmchen abzukochen und zu schrubben. Ich rate daher immer zu Neumaterial. Da f\u00e4ngt man nicht gleich mit dem schlimmsten an \ud83d\ude42<\/p>\n<p>Ich habe eine <a href=\"https:\/\/www.beesimple.de\/index.php\/tipps-fuer-anfaenger\/materialliste\/\">Materialliste<\/a> erstellt die aber eben auch nur allgemein ist. Die Art der Beute (so der Name der Bienenwohnung) sollte man aber danach ausrichten, was in der Region verwandt wird. Der Hintergrund ist der, dass die R\u00e4hmchenma\u00dfe alle unterschiedlich sind und es einem nichts n\u00fctzt, gute Bienen auf einem R\u00e4hmchenma\u00df zu haben, das nicht in die eigene Beute passt.<\/p>\n<p>Solche Infos bekommt man aber auch in einem Imkerkurs zu gen\u00fcge. In der Regel kosten diese um die 150.- Euro und werden von den Vereinen \/ Landesverb\u00e4nden angeboten.<\/p>\n<p>Was ist also zu tun? Hier ein m\u00f6gliches Vorgehen:<\/p>\n<ol>\n<li>Imkerpaten finden<\/li>\n<li>B\u00fccher kaufen und einlesen<\/li>\n<li>Imkerkurs belegen<\/li>\n<li>Zwei Bienenv\u00f6lker kaufen<\/li>\n<li>praktisch imkern<\/li>\n<li>Wissen verbreiten<\/li>\n<\/ol>\n<p>&nbsp;<\/p>\n<p>Ich hoffe, dass dieses Seite hilft. Wenn ich was vergessen haben sollte, dann schreibt mir unter drohne@beesimple.de<\/p>\n<p>Karsten<\/p>\n<p>&nbsp;<\/p>\n","protected":false},"excerpt":{"rendered":"<p>Wo und Wie sollte man am besten anfangen? Wie so oft im Leben, gibt es keine klaren Schritte, aber sicherlich ein paar Ideen die jeder f\u00fcr sich adaptieren mu\u00df. Bei der Internet-Recherche st\u00f6\u00dft man meistens auf einen lokalen Imkerverein. An den sollte man sich dann auch wenden, wenn man nicht &hellip; <a class=\"kt-excerpt-readmore\" href=\"https:\/\/www.beesimple.de\/index.php\/tipps-fuer-anfaenger\/der-anfang\/\" aria-label=\"Der Anfang\">Weiterlesen<\/a><\/p>\n","protected":false},"author":1,"featured_media":0,"parent":17,"menu_order":0,"comment_status":"closed","ping_status":"closed","template":"page-fullwidth.php","meta":{"footnotes":""},"class_list":["post-107","page","type-page","status-publish","hentry"],"_links":{"self":[{"href":"https:\/\/www.beesimple.de\/index.php\/wp-json\/wp\/v2\/pages\/107","targetHints":{"allow":["GET"]}}],"collection":[{"href":"https:\/\/www.beesimple.de\/index.php\/wp-json\/wp\/v2\/pages"}],"about":[{"href":"https:\/\/www.beesimple.de\/index.php\/wp-json\/wp\/v2\/types\/page"}],"author":[{"embeddable":true,"href":"https:\/\/www.beesimple.de\/index.php\/wp-json\/wp\/v2\/users\/1"}],"replies":[{"embeddable":true,"href":"https:\/\/www.beesimple.de\/index.php\/wp-json\/wp\/v2\/comments?post=107"}],"version-history":[{"count":5,"href":"https:\/\/www.beesimple.de\/index.php\/wp-json\/wp\/v2\/pages\/107\/revisions"}],"predecessor-version":[{"id":696,"href":"https:\/\/www.beesimple.de\/index.php\/wp-json\/wp\/v2\/pages\/107\/revisions\/696"}],"up":[{"embeddable":true,"href":"https:\/\/www.beesimple.de\/index.php\/wp-json\/wp\/v2\/pages\/17"}],"wp:attachment":[{"href":"https:\/\/www.beesimple.de\/index.php\/wp-json\/wp\/v2\/media?parent=107"}],"curies":[{"name":"wp","href":"https:\/\/api.w.org\/{rel}","templated":true}]}}