{"id":14,"date":"2017-01-02T13:01:25","date_gmt":"2017-01-02T12:01:25","guid":{"rendered":"http:\/\/www.beesimple.de\/wordpress\/?page_id=14"},"modified":"2018-03-20T19:24:39","modified_gmt":"2018-03-20T18:24:39","slug":"rund-um-den-honig","status":"publish","type":"page","link":"https:\/\/www.beesimple.de\/index.php\/rund-um-den-honig\/","title":{"rendered":"Rund um den Honig"},"content":{"rendered":"<h2 style=\"text-align: center;\"><span style=\"color: #ffcc00;\">Rund um den Honig<\/span><\/h2>\n<p>&nbsp;<\/p>\n<p>Honig ist sicherlich kein Wundermittel, aber doch ist es so, dass &#8222;fr\u00fcher&#8220;, als die Pharmazie noch nicht so eine starke Lobby hatte, Honig f\u00fcr eine Vielzahl von Anwendungen zur Verf\u00fcgung stand. So langsam kommt es wieder zu einem Umdenken und der &#8222;Saft der G\u00f6tter&#8220; wird nicht mehr nur als &#8222;tolles&#8220; Lebensmittel gesehen, sondern auch als Medizin eingesetzt.<\/p>\n<p>&nbsp;<\/p>\n<p><!--[kadence_slider_pro id=\"2\"]--><\/p>\n<h4>Was ist das Geheimnis des Honigs, dass er mal weich und mal hart ist?<\/h4>\n<p>Neben der Frage der Verarbeitung steht auch die Frage der Herkunft &#8211; und damit der Zusammensetzung &#8211; im Raum. Der Rapshonig bspw. enth\u00e4lt mehr Glukose als Fruktose Anteile und ist deswegen &#8222;h\u00e4rter&#8220;. Der typische Sommerhonig hat einen hohen Fruktose Anteil und ist deswegen auch eher &#8222;weicher&#8220;. Ein typisches Beispiel ist der sog. Akazienhonig (Robinie) der eigentlich immer fl\u00fcssig bleibt und geradezu vom Brot flie\u00dft.<\/p>\n<p>&nbsp;<\/p>\n<h4>Der Honig ist zu hart, was kann man machen?<\/h4>\n<figure id=\"attachment_672\" class=\"thumbnail wp-caption alignleft\" style=\"width: 150px\"><a href=\"https:\/\/www.beesimple.de\/wp-content\/uploads\/Honig\/IMG_3492.jpg\" target=\"_blank\" rel=\"noopener\"><img loading=\"lazy\" decoding=\"async\" class=\"wp-image-672 size-thumbnail\" src=\"https:\/\/www.beesimple.de\/wp-content\/uploads\/Honig\/IMG_3492-150x150.jpg\" alt=\"Honig hart wie Stein\" width=\"150\" height=\"150\" srcset=\"https:\/\/www.beesimple.de\/wp-content\/uploads\/Honig\/IMG_3492-150x150.jpg 150w, https:\/\/www.beesimple.de\/wp-content\/uploads\/Honig\/IMG_3492-800x800.jpg 800w, https:\/\/www.beesimple.de\/wp-content\/uploads\/Honig\/IMG_3492-400x400.jpg 400w, https:\/\/www.beesimple.de\/wp-content\/uploads\/Honig\/IMG_3492-150x150@2x.jpg 300w\" sizes=\"auto, (max-width: 150px) 100vw, 150px\" \/><\/a><figcaption class=\"caption wp-caption-text\">Honig hart wie Stein<\/figcaption><\/figure>\n<p>Lagern sie den Honig in K\u00fcche bei Raumtemperatur und verbrauchen sie den Honig einigerma\u00dfen z\u00fcgig.<\/p>\n<p>Schnell abgef\u00fcllt oder wenig ger\u00fchrter Honig wird h\u00e4ufig so hart, dass man den nicht mal mehr aus dem Glas bekommt, bzw. ein Messer darin abbrechen kann.<br \/>\nEin typisches Beispiel f\u00fcr diesen steinharten Honig ist h\u00e4ufig beim Rapshonig anzutreffen. Es gibt aber auch immer wieder Kunden, die sich genau diese Konsitenz w\u00fcnschen. In dem Fall, wird nat\u00fcrlich auch der Wunsch des Kunden ber\u00fccksichtigt und der Honig kommt bspw. direkt nach dem Schleudern ins Glas.<\/p>\n<p>&nbsp;<\/p>\n<p>&nbsp;<\/p>\n<p>&nbsp;<\/p>\n<p>&nbsp;<\/p>\n<p>&nbsp;<\/p>\n<h4>Der Honig ist zu weich, was kann man machen?<\/h4>\n<p>Lagern sie den Honig im K\u00fchlschrank. Das ist so hilfreich wie einfach.<\/p>\n<p>&nbsp;<\/p>\n<h4>Wie sollte man Honig grunds\u00e4tzlich lagern?<\/h4>\n<p>Trocken, k\u00fchl und dunkel soll der Honig gelagert werden. Honig zieht Feuchtigkeit und Ger\u00fcche an. Wenn der Honig &#8222;normal&#8220; verbraucht wird, ist das aber kein Problem.<\/p>\n<p>&nbsp;<\/p>\n<h4>Was ist denn Wabenhonig?<\/h4>\n<figure id=\"attachment_236\" class=\"thumbnail wp-caption alignleft\" style=\"width: 150px\"><a href=\"https:\/\/www.beesimple.de\/wp-content\/uploads\/Honig\/IMG_3226-e1483374528400.jpg\" target=\"_blank\" rel=\"noopener\"><img loading=\"lazy\" decoding=\"async\" class=\"wp-image-236 size-thumbnail\" src=\"https:\/\/www.beesimple.de\/wp-content\/uploads\/Honig\/IMG_3226-e1483374528400-150x150.jpg\" alt=\"Waben- oder Scheibenhonig\" width=\"150\" height=\"150\" srcset=\"https:\/\/www.beesimple.de\/wp-content\/uploads\/Honig\/IMG_3226-e1483374528400-150x150.jpg 150w, https:\/\/www.beesimple.de\/wp-content\/uploads\/Honig\/IMG_3226-e1483374528400-150x150@2x.jpg 300w\" sizes=\"auto, (max-width: 150px) 100vw, 150px\" \/><\/a><figcaption class=\"caption wp-caption-text\">Waben- oder Scheibenhonig<\/figcaption><\/figure>\n<p>Wabenhonig ist der Honig, der noch in der Wabe steckt. Der Imker l\u00e4sst die Bienen die Waben im Naturbau errichten und dann fangen die Bienen auch gleich an, den Nektar darin einzulagern um daraus Honig zu machen.<\/p>\n<p>Zur Ernte wird dann die Honigwabe in Scheiben geschnitten und verpackt oder in Gl\u00e4ser gegeben. Das funktioniert im Prinzip aber nur mit Akazien- oder Sommerhonig. Rapshonig w\u00fcrde zu schnell kristallisieren. Das Ganze ist mit extrem viel Handarbeit verbunden und mit gro\u00dfen Aufwand verbunden. Deswegen werden die Packungen zumeist f\u00fcr \u00fcber 10.- Euro verkauft. Das Wachs kann man mitessen, da es Naturwachs ist was die Bienen unmittelbar vor der Honigherstellung erzeugt haben.<\/p>\n<p>&nbsp;<\/p>\n<p>Wabenhonig ist eine echte K\u00f6stlichkeit und auch nicht jedes Jahr zu bekommen. Ich kann nur empfehlen, das einmal zu probieren!<\/p>\n<p>&nbsp;<\/p>\n<p>&nbsp;<\/p>\n<h4>Losnummer:<\/h4>\n<p>Meine Honiggl\u00e4ser erhalten eine Losnummer.<br \/>\n\u00dcber die Suche (oben rechts) kann man auf meiner Website n\u00e4here Informationen zu den von mir hergestellten Honig erhalten. Geben Sie mal bspw. \u00a0&#8222;L3112016&#8220; in die Suche ein. Dann werden die &#8222;Daten&#8220; zum jeweiligen Honig angezeigt, die nicht auf dem Glas enthalten sind.<\/p>\n<p>Bei der Losnummer handelt es sich um eine gesetzliche Vorschrift, die dem Verbraucherschutz dient. Der Imker mu\u00df sich als Lebensmittelproduzent daran halten. Bei Tagesgenauen Datum w\u00e4re es nicht n\u00f6tig, eine Losnummer (die immer mit &#8222;L&#8220; anfangen mu\u00df) auf dem Glas zu vermerken. Ich mache es dennoch. Die weiterf\u00fchrenden Infos, die ich auf der Homepage bereitstelle, sind rein freiwillig und nicht notwendig. Ich hoffe die Informationen sind hilfreich. Bei Fragen, fragen \ud83d\ude09<\/p>\n<p>Hier zwei Beispiele f\u00fcr Losnummern auf den Gl\u00e4sern:<\/p>\n<p>&nbsp;<\/p>\n<p>&nbsp;<\/p>\n<table>\n<tbody>\n<tr>\n<td>\n<figure id=\"attachment_686\" class=\"thumbnail wp-caption alignnone\" style=\"width: 150px\"><a href=\"https:\/\/www.beesimple.de\/wp-content\/uploads\/Honig\/IMG_3538-2.jpg\"><img loading=\"lazy\" decoding=\"async\" class=\"size-thumbnail wp-image-686\" src=\"https:\/\/www.beesimple.de\/wp-content\/uploads\/Honig\/IMG_3538-2-150x150.jpg\" alt=\"Losnummer\" width=\"150\" height=\"150\" srcset=\"https:\/\/www.beesimple.de\/wp-content\/uploads\/Honig\/IMG_3538-2-150x150.jpg 150w, https:\/\/www.beesimple.de\/wp-content\/uploads\/Honig\/IMG_3538-2-300x300.jpg 300w, https:\/\/www.beesimple.de\/wp-content\/uploads\/Honig\/IMG_3538-2-1024x1024.jpg 1024w, https:\/\/www.beesimple.de\/wp-content\/uploads\/Honig\/IMG_3538-2.jpg 2048w, https:\/\/www.beesimple.de\/wp-content\/uploads\/Honig\/IMG_3538-2-300x300@2x.jpg 600w\" sizes=\"auto, (max-width: 150px) 100vw, 150px\" \/><\/a><figcaption class=\"caption wp-caption-text\">Losnummer<\/figcaption><\/figure><\/td>\n<td>\n<figure id=\"attachment_685\" class=\"thumbnail wp-caption alignnone\" style=\"width: 150px\"><a href=\"https:\/\/www.beesimple.de\/wp-content\/uploads\/Honig\/IMG_3539.jpg\"><img loading=\"lazy\" decoding=\"async\" class=\"size-thumbnail wp-image-685\" src=\"https:\/\/www.beesimple.de\/wp-content\/uploads\/Honig\/IMG_3539-150x150.jpg\" alt=\"Losnummer\" width=\"150\" height=\"150\" srcset=\"https:\/\/www.beesimple.de\/wp-content\/uploads\/Honig\/IMG_3539-150x150.jpg 150w, https:\/\/www.beesimple.de\/wp-content\/uploads\/Honig\/IMG_3539-300x300.jpg 300w, https:\/\/www.beesimple.de\/wp-content\/uploads\/Honig\/IMG_3539-1024x1024.jpg 1024w, https:\/\/www.beesimple.de\/wp-content\/uploads\/Honig\/IMG_3539-800x800.jpg 800w, https:\/\/www.beesimple.de\/wp-content\/uploads\/Honig\/IMG_3539-400x400.jpg 400w, https:\/\/www.beesimple.de\/wp-content\/uploads\/Honig\/IMG_3539.jpg 2048w, https:\/\/www.beesimple.de\/wp-content\/uploads\/Honig\/IMG_3539-300x300@2x.jpg 600w\" sizes=\"auto, (max-width: 150px) 100vw, 150px\" \/><\/a><figcaption class=\"caption wp-caption-text\">Losnummer<\/figcaption><\/figure><\/td>\n<td><\/td>\n<td><\/td>\n<\/tr>\n<\/tbody>\n<\/table>\n<p>&nbsp;<\/p>\n","protected":false},"excerpt":{"rendered":"<p>Rund um den Honig &nbsp; Honig ist sicherlich kein Wundermittel, aber doch ist es so, dass &#8222;fr\u00fcher&#8220;, als die Pharmazie noch nicht so eine starke Lobby hatte, Honig f\u00fcr eine Vielzahl von Anwendungen zur Verf\u00fcgung stand. So langsam kommt es wieder zu einem Umdenken und der &#8222;Saft der G\u00f6tter&#8220; wird &hellip; <a class=\"kt-excerpt-readmore\" href=\"https:\/\/www.beesimple.de\/index.php\/rund-um-den-honig\/\" aria-label=\"Rund um den Honig\">Weiterlesen<\/a><\/p>\n","protected":false},"author":1,"featured_media":0,"parent":0,"menu_order":0,"comment_status":"closed","ping_status":"closed","template":"page-fullwidth.php","meta":{"footnotes":""},"class_list":["post-14","page","type-page","status-publish","hentry"],"_links":{"self":[{"href":"https:\/\/www.beesimple.de\/index.php\/wp-json\/wp\/v2\/pages\/14","targetHints":{"allow":["GET"]}}],"collection":[{"href":"https:\/\/www.beesimple.de\/index.php\/wp-json\/wp\/v2\/pages"}],"about":[{"href":"https:\/\/www.beesimple.de\/index.php\/wp-json\/wp\/v2\/types\/page"}],"author":[{"embeddable":true,"href":"https:\/\/www.beesimple.de\/index.php\/wp-json\/wp\/v2\/users\/1"}],"replies":[{"embeddable":true,"href":"https:\/\/www.beesimple.de\/index.php\/wp-json\/wp\/v2\/comments?post=14"}],"version-history":[{"count":22,"href":"https:\/\/www.beesimple.de\/index.php\/wp-json\/wp\/v2\/pages\/14\/revisions"}],"predecessor-version":[{"id":877,"href":"https:\/\/www.beesimple.de\/index.php\/wp-json\/wp\/v2\/pages\/14\/revisions\/877"}],"wp:attachment":[{"href":"https:\/\/www.beesimple.de\/index.php\/wp-json\/wp\/v2\/media?parent=14"}],"curies":[{"name":"wp","href":"https:\/\/api.w.org\/{rel}","templated":true}]}}