{"id":297,"date":"2017-09-10T19:45:15","date_gmt":"2017-09-10T17:45:15","guid":{"rendered":"http:\/\/www.beesimple.de\/wordpress\/?page_id=297"},"modified":"2018-03-17T15:39:53","modified_gmt":"2018-03-17T14:39:53","slug":"seife-aus-honig","status":"publish","type":"page","link":"https:\/\/www.beesimple.de\/index.php\/sonstige-produkte\/seife-aus-honig\/","title":{"rendered":"Seife aus Honig"},"content":{"rendered":"<h2><span style=\"color: #ff9900;\">Handgemachte Naturseife mit 25% Honiganteil!<\/span><\/h2>\n<p>&nbsp;<\/p>\n<p>Ab sofort ist handgemachte Naturseife bei uns erh\u00e4ltlich. In Zusammenarbeit mit der Seifenk\u00fcche-Hainzell wurde eine aromatische Seife extra f\u00fcr uns hergestellt die einen Honiganteil von 25% Kisdorfer Rapshonig enth\u00e4lt. Die hochwertigen Pflanzen\u00f6le sind r\u00fcckfettend und angenehm zur Haut.<\/p>\n<p><a href=\"https:\/\/www.beesimple.de\/wp-content\/uploads\/Produkte\/Werbeschild-Imker-Seife-Imkerei-K.-Lorenzen-.jpg\" target=\"_blank\" rel=\"noopener\"><img loading=\"lazy\" decoding=\"async\" class=\"alignnone wp-image-496 size-thumbnail\" src=\"https:\/\/www.beesimple.de\/wp-content\/uploads\/Produkte\/Werbeschild-Imker-Seife-Imkerei-K.-Lorenzen--150x150.jpg\" alt=\"\" width=\"150\" height=\"150\" srcset=\"https:\/\/www.beesimple.de\/wp-content\/uploads\/Produkte\/Werbeschild-Imker-Seife-Imkerei-K.-Lorenzen--150x150.jpg 150w, https:\/\/www.beesimple.de\/wp-content\/uploads\/Produkte\/Werbeschild-Imker-Seife-Imkerei-K.-Lorenzen--150x150@2x.jpg 300w\" sizes=\"auto, (max-width: 150px) 100vw, 150px\" \/><\/a><\/p>\n<p>&nbsp;<\/p>\n<p>Die Seife ist &#8222;naturbelassen&#8220; und ohne k\u00fcnstliche Farb- und Zusatzstoffe hergestellt. Der milde Duft der Seife bleibt im Gegensatz zu den parf\u00fcmierten Seifen bis zum Schlu\u00df erhalten.<\/p>\n<p>Und so sieht die Seife im Verkauf aus:<\/p>\n<figure id=\"attachment_531\" class=\"thumbnail wp-caption alignnone\" style=\"width: 150px\"><a href=\"https:\/\/www.beesimple.de\/wp-content\/uploads\/Produkte\/IMG_7335.jpg\" target=\"_blank\" rel=\"noopener\"><img loading=\"lazy\" decoding=\"async\" class=\"wp-image-531 size-thumbnail\" src=\"https:\/\/www.beesimple.de\/wp-content\/uploads\/Produkte\/IMG_7335-150x150.jpg\" alt=\"Seife vom Imker\" width=\"150\" height=\"150\" srcset=\"https:\/\/www.beesimple.de\/wp-content\/uploads\/Produkte\/IMG_7335-150x150.jpg 150w, https:\/\/www.beesimple.de\/wp-content\/uploads\/Produkte\/IMG_7335-150x150@2x.jpg 300w\" sizes=\"auto, (max-width: 150px) 100vw, 150px\" \/><\/a><figcaption class=\"caption wp-caption-text\">Seife vom Imker<\/figcaption><\/figure>\n<p>&nbsp;<\/p>\n<figure id=\"attachment_530\" class=\"thumbnail wp-caption alignnone\" style=\"width: 150px\"><a href=\"https:\/\/www.beesimple.de\/wp-content\/uploads\/Produkte\/IMG_7334.jpg\" target=\"_blank\" rel=\"noopener\"><img loading=\"lazy\" decoding=\"async\" class=\"wp-image-530 size-thumbnail\" src=\"https:\/\/www.beesimple.de\/wp-content\/uploads\/Produkte\/IMG_7334-150x150.jpg\" alt=\"Seife vom Imker\" width=\"150\" height=\"150\" srcset=\"https:\/\/www.beesimple.de\/wp-content\/uploads\/Produkte\/IMG_7334-150x150.jpg 150w, https:\/\/www.beesimple.de\/wp-content\/uploads\/Produkte\/IMG_7334-150x150@2x.jpg 300w\" sizes=\"auto, (max-width: 150px) 100vw, 150px\" \/><\/a><figcaption class=\"caption wp-caption-text\">Produktangaben zur Imkerseife<\/figcaption><\/figure>\n<p>&nbsp;<\/p>\n<figure id=\"attachment_529\" class=\"thumbnail wp-caption alignnone\" style=\"width: 150px\"><a href=\"https:\/\/www.beesimple.de\/wp-content\/uploads\/Produkte\/IMG_7333.jpg\" target=\"_blank\" rel=\"noopener\"><img loading=\"lazy\" decoding=\"async\" class=\"wp-image-529 size-thumbnail\" src=\"https:\/\/www.beesimple.de\/wp-content\/uploads\/Produkte\/IMG_7333-150x150.jpg\" alt=\"Seife vom Imker\" width=\"150\" height=\"150\" srcset=\"https:\/\/www.beesimple.de\/wp-content\/uploads\/Produkte\/IMG_7333-150x150.jpg 150w, https:\/\/www.beesimple.de\/wp-content\/uploads\/Produkte\/IMG_7333-800x800.jpg 800w, https:\/\/www.beesimple.de\/wp-content\/uploads\/Produkte\/IMG_7333-400x400.jpg 400w, https:\/\/www.beesimple.de\/wp-content\/uploads\/Produkte\/IMG_7333-150x150@2x.jpg 300w\" sizes=\"auto, (max-width: 150px) 100vw, 150px\" \/><\/a><figcaption class=\"caption wp-caption-text\">Abpackgewicht: 75 g<\/figcaption><\/figure>\n<p>&nbsp;<\/p>\n<p>Die Seife ist offiziell von Seifenk\u00fcche-Hainzell als Produkt angemeldet worden! Die Pr\u00fcfnummern dazu befinden sich auf dem jeweiligen Schild.<\/p>\n<p>&nbsp;<\/p>\n","protected":false},"excerpt":{"rendered":"<p>Handgemachte Naturseife mit 25% Honiganteil! &nbsp; Ab sofort ist handgemachte Naturseife bei uns erh\u00e4ltlich. In Zusammenarbeit mit der Seifenk\u00fcche-Hainzell wurde eine aromatische Seife extra f\u00fcr uns hergestellt die einen Honiganteil von 25% Kisdorfer Rapshonig enth\u00e4lt. Die hochwertigen Pflanzen\u00f6le sind r\u00fcckfettend und angenehm zur Haut. &nbsp; Die Seife ist &#8222;naturbelassen&#8220; und &hellip; <a class=\"kt-excerpt-readmore\" href=\"https:\/\/www.beesimple.de\/index.php\/sonstige-produkte\/seife-aus-honig\/\" aria-label=\"Seife aus Honig\">Weiterlesen<\/a><\/p>\n","protected":false},"author":1,"featured_media":0,"parent":43,"menu_order":1,"comment_status":"closed","ping_status":"closed","template":"page-feature.php","meta":{"footnotes":""},"class_list":["post-297","page","type-page","status-publish","hentry"],"_links":{"self":[{"href":"https:\/\/www.beesimple.de\/index.php\/wp-json\/wp\/v2\/pages\/297","targetHints":{"allow":["GET"]}}],"collection":[{"href":"https:\/\/www.beesimple.de\/index.php\/wp-json\/wp\/v2\/pages"}],"about":[{"href":"https:\/\/www.beesimple.de\/index.php\/wp-json\/wp\/v2\/types\/page"}],"author":[{"embeddable":true,"href":"https:\/\/www.beesimple.de\/index.php\/wp-json\/wp\/v2\/users\/1"}],"replies":[{"embeddable":true,"href":"https:\/\/www.beesimple.de\/index.php\/wp-json\/wp\/v2\/comments?post=297"}],"version-history":[{"count":9,"href":"https:\/\/www.beesimple.de\/index.php\/wp-json\/wp\/v2\/pages\/297\/revisions"}],"predecessor-version":[{"id":694,"href":"https:\/\/www.beesimple.de\/index.php\/wp-json\/wp\/v2\/pages\/297\/revisions\/694"}],"up":[{"embeddable":true,"href":"https:\/\/www.beesimple.de\/index.php\/wp-json\/wp\/v2\/pages\/43"}],"wp:attachment":[{"href":"https:\/\/www.beesimple.de\/index.php\/wp-json\/wp\/v2\/media?parent=297"}],"curies":[{"name":"wp","href":"https:\/\/api.w.org\/{rel}","templated":true}]}}