{"id":387,"date":"2017-07-03T18:28:57","date_gmt":"2017-07-03T16:28:57","guid":{"rendered":"http:\/\/www.beesimple.de\/wordpress\/?page_id=387"},"modified":"2018-03-17T18:18:34","modified_gmt":"2018-03-17T17:18:34","slug":"trachtpflanzen","status":"publish","type":"page","link":"https:\/\/www.beesimple.de\/index.php\/trachtpflanzen\/","title":{"rendered":"Trachtpflanzen"},"content":{"rendered":"<p>Was sind Trachtpflanzen?<\/p>\n<p>&nbsp;<\/p>\n<p>Trachtpflanzen sind solche, die die Bienen ern\u00e4hren k\u00f6nnen. Neben Pflanzen die zwar sch\u00f6n aussehen aber f\u00fcr die Bienen &#8222;ungeeignet&#8220; sind, gibt es solche, die bspw. gute Pollenlieferanten sind. Die Weide im Fr\u00fchjahr ist daf\u00fcr ein sch\u00f6nes Beispiel. Pollen ist die Eiwei\u00dfnahrung f\u00fcr die Biene und wird dringend f\u00fcr die Aufzucht der Brut gebraucht. Die anderen Pflanzen, die ich als &#8222;ungeeigent&#8220; bezeichnet habe, sind aber auch f\u00fcr andere Insekten wichtig. Bspw. fliegen die Hummeln schon los wenn es den Bienen noch zu kalt ist und da die Hummeln auch einen l\u00e4ngeren R\u00fcssel haben, k\u00f6nnen sie sich auch an anderen Pflanzen bedienen, die f\u00fcr unsere Honigbiene eben nicht geeignet ist.<\/p>\n<p>Auf den Unterseiten habe ich ein paar Pflanzen aufgef\u00fchrt. Es gibt \u00fcbrigens G\u00e4rtnereien, die sich auf solche Pflanzen und deren Verkauf spezialisiert haben. Auch haben die ersten Baum\u00e4rkte bereits den Trend erkannt und bieten ebenfalls &#8222;N\u00e4hrpflanzen&#8220; f\u00fcr die Bienen, Hummeln, Schmetterlinge und andere Insekten an.<\/p>\n<p>Hier geht&#8217;s zu den Men\u00fcpunkten:<\/p>\n<div class=\"entry-content-asset videofit\">\n<blockquote class=\"wp-embedded-content\" data-secret=\"DjFscqP1ru\"><p><a href=\"https:\/\/www.beesimple.de\/index.php\/trachtpflanzen\/03-trachtpflanzen-im-maerz\/\">03 &#8211; Trachtpflanzen im M\u00e4rz<\/a><\/p><\/blockquote>\n<p><iframe loading=\"lazy\" class=\"wp-embedded-content\" sandbox=\"allow-scripts\" security=\"restricted\" style=\"position: absolute; visibility: hidden;\" title=\"&#8222;03 &#8211; Trachtpflanzen im M\u00e4rz&#8220; &#8212; beesimple.de\" src=\"https:\/\/www.beesimple.de\/index.php\/trachtpflanzen\/03-trachtpflanzen-im-maerz\/embed\/#?secret=J9aA8DScNz#?secret=DjFscqP1ru\" data-secret=\"DjFscqP1ru\" width=\"500\" height=\"282\" frameborder=\"0\" marginwidth=\"0\" marginheight=\"0\" scrolling=\"no\"><\/iframe><\/div>\n<div class=\"entry-content-asset videofit\">\n<blockquote class=\"wp-embedded-content\" data-secret=\"7KVzjCnejT\"><p><a href=\"https:\/\/www.beesimple.de\/index.php\/trachtpflanzen\/04-trachtpflanzen-im-april\/\">04 &#8211; Trachtpflanzen im April<\/a><\/p><\/blockquote>\n<p><iframe loading=\"lazy\" class=\"wp-embedded-content\" sandbox=\"allow-scripts\" security=\"restricted\" style=\"position: absolute; visibility: hidden;\" title=\"&#8222;04 &#8211; Trachtpflanzen im April&#8220; &#8212; beesimple.de\" src=\"https:\/\/www.beesimple.de\/index.php\/trachtpflanzen\/04-trachtpflanzen-im-april\/embed\/#?secret=uBtzWTGPCC#?secret=7KVzjCnejT\" data-secret=\"7KVzjCnejT\" width=\"500\" height=\"282\" frameborder=\"0\" marginwidth=\"0\" marginheight=\"0\" scrolling=\"no\"><\/iframe><\/div>\n<div class=\"entry-content-asset videofit\">\n<blockquote class=\"wp-embedded-content\" data-secret=\"Pe8sXLbxnn\"><p><a href=\"https:\/\/www.beesimple.de\/index.php\/trachtpflanzen\/05-trachtpflanzen-im-mai\/\">05 &#8211; Trachtpflanzen im Mai<\/a><\/p><\/blockquote>\n<p><iframe loading=\"lazy\" class=\"wp-embedded-content\" sandbox=\"allow-scripts\" security=\"restricted\" style=\"position: absolute; visibility: hidden;\" title=\"&#8222;05 &#8211; Trachtpflanzen im Mai&#8220; &#8212; beesimple.de\" src=\"https:\/\/www.beesimple.de\/index.php\/trachtpflanzen\/05-trachtpflanzen-im-mai\/embed\/#?secret=G6GNkL1qzf#?secret=Pe8sXLbxnn\" data-secret=\"Pe8sXLbxnn\" width=\"500\" height=\"282\" frameborder=\"0\" marginwidth=\"0\" marginheight=\"0\" scrolling=\"no\"><\/iframe><\/div>\n<div class=\"entry-content-asset videofit\">\n<blockquote class=\"wp-embedded-content\" data-secret=\"frj0HM7x5D\"><p><a href=\"https:\/\/www.beesimple.de\/index.php\/06-trachtpflanzen-iim-juni\/\">06 &#8211; Trachtpflanzen im Juni<\/a><\/p><\/blockquote>\n<p><iframe loading=\"lazy\" class=\"wp-embedded-content\" sandbox=\"allow-scripts\" security=\"restricted\" style=\"position: absolute; visibility: hidden;\" title=\"&#8222;06 &#8211; Trachtpflanzen im Juni&#8220; &#8212; beesimple.de\" src=\"https:\/\/www.beesimple.de\/index.php\/06-trachtpflanzen-iim-juni\/embed\/#?secret=3bzKnGHfyK#?secret=frj0HM7x5D\" data-secret=\"frj0HM7x5D\" width=\"500\" height=\"282\" frameborder=\"0\" marginwidth=\"0\" marginheight=\"0\" scrolling=\"no\"><\/iframe><\/div>\n<div class=\"entry-content-asset videofit\">\n<blockquote class=\"wp-embedded-content\" data-secret=\"xTUIebE6vV\"><p><a href=\"https:\/\/www.beesimple.de\/index.php\/07-trachtpflanzen-im-juli\/\">07 &#8211; Trachtpflanzen im Juli<\/a><\/p><\/blockquote>\n<p><iframe loading=\"lazy\" class=\"wp-embedded-content\" sandbox=\"allow-scripts\" security=\"restricted\" style=\"position: absolute; visibility: hidden;\" title=\"&#8222;07 &#8211; Trachtpflanzen im Juli&#8220; &#8212; beesimple.de\" src=\"https:\/\/www.beesimple.de\/index.php\/07-trachtpflanzen-im-juli\/embed\/#?secret=mrmQzNZzsZ#?secret=xTUIebE6vV\" data-secret=\"xTUIebE6vV\" width=\"500\" height=\"282\" frameborder=\"0\" marginwidth=\"0\" marginheight=\"0\" scrolling=\"no\"><\/iframe><\/div>\n<div class=\"entry-content-asset videofit\">\n<blockquote class=\"wp-embedded-content\" data-secret=\"tPZlZ6QJmb\"><p><a href=\"https:\/\/www.beesimple.de\/index.php\/08-trachtpflanzen-im-august\/\">08 &#8211; Trachtpflanzen im August<\/a><\/p><\/blockquote>\n<p><iframe loading=\"lazy\" class=\"wp-embedded-content\" sandbox=\"allow-scripts\" security=\"restricted\" style=\"position: absolute; visibility: hidden;\" title=\"&#8222;08 &#8211; Trachtpflanzen im August&#8220; &#8212; beesimple.de\" src=\"https:\/\/www.beesimple.de\/index.php\/08-trachtpflanzen-im-august\/embed\/#?secret=SE4YUG7WJH#?secret=tPZlZ6QJmb\" data-secret=\"tPZlZ6QJmb\" width=\"500\" height=\"282\" frameborder=\"0\" marginwidth=\"0\" marginheight=\"0\" scrolling=\"no\"><\/iframe><\/div>\n<div class=\"entry-content-asset videofit\">\n<blockquote class=\"wp-embedded-content\" data-secret=\"18K8Jh7S3E\"><p><a href=\"https:\/\/www.beesimple.de\/index.php\/09-trachtpflanzen-im-september\/\">09 &#8211; Trachtpflanzen im September<\/a><\/p><\/blockquote>\n<p><iframe loading=\"lazy\" class=\"wp-embedded-content\" sandbox=\"allow-scripts\" security=\"restricted\" style=\"position: absolute; visibility: hidden;\" title=\"&#8222;09 &#8211; Trachtpflanzen im September&#8220; &#8212; beesimple.de\" src=\"https:\/\/www.beesimple.de\/index.php\/09-trachtpflanzen-im-september\/embed\/#?secret=0uiBhRF9jW#?secret=18K8Jh7S3E\" data-secret=\"18K8Jh7S3E\" width=\"500\" height=\"282\" frameborder=\"0\" marginwidth=\"0\" marginheight=\"0\" scrolling=\"no\"><\/iframe><\/div>\n<p>&nbsp;<\/p>\n","protected":false},"excerpt":{"rendered":"<p>Was sind Trachtpflanzen? &nbsp; Trachtpflanzen sind solche, die die Bienen ern\u00e4hren k\u00f6nnen. Neben Pflanzen die zwar sch\u00f6n aussehen aber f\u00fcr die Bienen &#8222;ungeeignet&#8220; sind, gibt es solche, die bspw. gute Pollenlieferanten sind. Die Weide im Fr\u00fchjahr ist daf\u00fcr ein sch\u00f6nes Beispiel. Pollen ist die Eiwei\u00dfnahrung f\u00fcr die Biene und wird &hellip; <a class=\"kt-excerpt-readmore\" href=\"https:\/\/www.beesimple.de\/index.php\/trachtpflanzen\/\" aria-label=\"Trachtpflanzen\">Weiterlesen<\/a><\/p>\n","protected":false},"author":1,"featured_media":0,"parent":0,"menu_order":0,"comment_status":"closed","ping_status":"closed","template":"","meta":{"footnotes":""},"class_list":["post-387","page","type-page","status-publish","hentry"],"_links":{"self":[{"href":"https:\/\/www.beesimple.de\/index.php\/wp-json\/wp\/v2\/pages\/387","targetHints":{"allow":["GET"]}}],"collection":[{"href":"https:\/\/www.beesimple.de\/index.php\/wp-json\/wp\/v2\/pages"}],"about":[{"href":"https:\/\/www.beesimple.de\/index.php\/wp-json\/wp\/v2\/types\/page"}],"author":[{"embeddable":true,"href":"https:\/\/www.beesimple.de\/index.php\/wp-json\/wp\/v2\/users\/1"}],"replies":[{"embeddable":true,"href":"https:\/\/www.beesimple.de\/index.php\/wp-json\/wp\/v2\/comments?post=387"}],"version-history":[{"count":4,"href":"https:\/\/www.beesimple.de\/index.php\/wp-json\/wp\/v2\/pages\/387\/revisions"}],"predecessor-version":[{"id":792,"href":"https:\/\/www.beesimple.de\/index.php\/wp-json\/wp\/v2\/pages\/387\/revisions\/792"}],"wp:attachment":[{"href":"https:\/\/www.beesimple.de\/index.php\/wp-json\/wp\/v2\/media?parent=387"}],"curies":[{"name":"wp","href":"https:\/\/api.w.org\/{rel}","templated":true}]}}