{"id":390,"date":"2017-07-03T18:31:21","date_gmt":"2017-07-03T16:31:21","guid":{"rendered":"http:\/\/www.beesimple.de\/wordpress\/?page_id=390"},"modified":"2019-02-21T12:06:01","modified_gmt":"2019-02-21T11:06:01","slug":"03-trachtpflanzen-im-maerz","status":"publish","type":"page","link":"https:\/\/www.beesimple.de\/index.php\/trachtpflanzen\/03-trachtpflanzen-im-maerz\/","title":{"rendered":"03 &#8211; Trachtpflanzen im M\u00e4rz"},"content":{"rendered":"<p>Im M\u00e4rz wenn das Bienenjahr, und damit die Arbeit des Imkers beginnt, starten auch zaghaft die ersten Pflanzen um das Fr\u00fchjahr einzuleiten. Hier nun, ein paar mir bekannte Pflanzen.<\/p>\n<ul>\n<li>Blaustern (Scilla spec.)Blaustern (Scilla spec.)<\/li>\n<li>Christrose (Helleborus niger)<\/li>\n<li>Eibe (Taxus baccata) Eigentlich giftig und Pollen bei m\u00e4nnlichen Pflanzen<\/li>\n<li>Erle (Alnus spec.) Pollenlieferant<\/li>\n<li>Haselnu\u00df (Corylus spec.) Pollenlieferant<\/li>\n<li>Krokus (Krokus spec.) Pollenlieferant. Sollte man unbedingt vor den eigenen Bienenkisten anpflanzen. Es gibt auch eine Sorte, die sich wieder selber auss\u00e4t \/ vermehrt. Ansonsten nur wenige Jahre haltbar<\/li>\n<li>M\u00e4rzbecher (Leucojum vernum)<\/li>\n<li>Pappel (Populus spec) Pollenlieferant<\/li>\n<li>Pestwurz (Petasites spec)<\/li>\n<li>Saalweide (auch K\u00fcblerweide &#8211; eben die Weide die man dann \u00fcberall sieht \ud83d\ude09<br \/>\nL\u00e4sst sich gut vermehren) (Salix caprea, S. x smithiana) \u00a0Pollenlieferant wenn m\u00e4nnlich, ansonsten Nektarlieferant bei m\u00e4nn. &amp; weibl.<\/li>\n<li>Schneegl\u00f6ckchen (Galanthus nivalis) Sollte man auch bei seinem eigenen Bienenstand pflanzen<\/li>\n<li>Seidelbast (Daphne mezereum)<\/li>\n<li>Ulme (Ulmus spec.)<\/li>\n<li>Winterling (Eranthis hyemalis)<\/li>\n<\/ul>\n<p>Fehlt hier was in der Aufz\u00e4hlung? Tipps oder Anregungen? Dann schreib an drohne@beesimple.de<\/p>\n","protected":false},"excerpt":{"rendered":"<p>Im M\u00e4rz wenn das Bienenjahr, und damit die Arbeit des Imkers beginnt, starten auch zaghaft die ersten Pflanzen um das Fr\u00fchjahr einzuleiten. Hier nun, ein paar mir bekannte Pflanzen. Blaustern (Scilla spec.)Blaustern (Scilla spec.) Christrose (Helleborus niger) Eibe (Taxus baccata) Eigentlich giftig und Pollen bei m\u00e4nnlichen Pflanzen Erle (Alnus spec.) &hellip; <a class=\"kt-excerpt-readmore\" href=\"https:\/\/www.beesimple.de\/index.php\/trachtpflanzen\/03-trachtpflanzen-im-maerz\/\" aria-label=\"03 &#8211; Trachtpflanzen im M\u00e4rz\">Weiterlesen<\/a><\/p>\n","protected":false},"author":1,"featured_media":0,"parent":387,"menu_order":0,"comment_status":"closed","ping_status":"closed","template":"","meta":{"footnotes":""},"class_list":["post-390","page","type-page","status-publish","hentry"],"_links":{"self":[{"href":"https:\/\/www.beesimple.de\/index.php\/wp-json\/wp\/v2\/pages\/390","targetHints":{"allow":["GET"]}}],"collection":[{"href":"https:\/\/www.beesimple.de\/index.php\/wp-json\/wp\/v2\/pages"}],"about":[{"href":"https:\/\/www.beesimple.de\/index.php\/wp-json\/wp\/v2\/types\/page"}],"author":[{"embeddable":true,"href":"https:\/\/www.beesimple.de\/index.php\/wp-json\/wp\/v2\/users\/1"}],"replies":[{"embeddable":true,"href":"https:\/\/www.beesimple.de\/index.php\/wp-json\/wp\/v2\/comments?post=390"}],"version-history":[{"count":4,"href":"https:\/\/www.beesimple.de\/index.php\/wp-json\/wp\/v2\/pages\/390\/revisions"}],"predecessor-version":[{"id":1176,"href":"https:\/\/www.beesimple.de\/index.php\/wp-json\/wp\/v2\/pages\/390\/revisions\/1176"}],"up":[{"embeddable":true,"href":"https:\/\/www.beesimple.de\/index.php\/wp-json\/wp\/v2\/pages\/387"}],"wp:attachment":[{"href":"https:\/\/www.beesimple.de\/index.php\/wp-json\/wp\/v2\/media?parent=390"}],"curies":[{"name":"wp","href":"https:\/\/api.w.org\/{rel}","templated":true}]}}