{"id":394,"date":"2017-07-03T19:40:43","date_gmt":"2017-07-03T17:40:43","guid":{"rendered":"http:\/\/www.beesimple.de\/wordpress\/?page_id=394"},"modified":"2017-07-03T19:42:52","modified_gmt":"2017-07-03T17:42:52","slug":"04-trachtpflanzen-im-april","status":"publish","type":"page","link":"https:\/\/www.beesimple.de\/index.php\/trachtpflanzen\/04-trachtpflanzen-im-april\/","title":{"rendered":"04 &#8211; Trachtpflanzen im April"},"content":{"rendered":"<h2>April<\/h2>\n<p>Das Fr\u00fchjahr ist gestartet und auch f\u00fcr die Bienen wird der Tisch allm\u00e4hlich besser gedeckt. Hier ein paar bekannte Trachtpflanzen:<\/p>\n<ul>\n<li>Berberitze (Berberis spec.)<\/li>\n<li>Ehrenpreis (Veronica spec.)<\/li>\n<li>Erlen, Pappeln &amp; Ulmen<\/li>\n<li>G\u00e4nsekresse (Arabis spec.)<\/li>\n<li>Huflattich (Tussilago farfara)<\/li>\n<li>Kornelkirsche (Cornus mas.)<\/li>\n<li>Kuhschelle (Pulsatilla spec.)<\/li>\n<li>Lerchensporn (Corydalis spec.)<\/li>\n<li>L\u00f6wenzahn (Taraxacum officinale)<\/li>\n<li>Mahonie (Mahonia spec.)<\/li>\n<li>Schlehe (Prunus spinosa)<\/li>\n<li>Schneeheide, Fr\u00fchjahrsheide (Erica &#8230;)<\/li>\n<li>Silberahorn (Acer saccharinum)<\/li>\n<li>Spitzahorn (Acer platanoldes)<\/li>\n<li>Stachelbeeren \/ Johannisbeeren (Ribes spec.)<\/li>\n<li>S\u00fc\u00df- und Sauerkirschen (Pruns-arten -&gt; auch die Zierkirschen usw.)<\/li>\n<li>Vogelkirsche (Prunus avium)<\/li>\n<li>Vogelmiere (Stellaria spec.)<\/li>\n<li>Weiden (Salix spec.)<\/li>\n<li>Windr\u00f6schen (Anemone spec.) Pollenlieferant<\/li>\n<\/ul>\n<p>Fehlt hier was in der Aufz\u00e4hlung? Tipps oder Anregungen? Dann schreib an drohne@beesimple.de<\/p>\n","protected":false},"excerpt":{"rendered":"<p>April Das Fr\u00fchjahr ist gestartet und auch f\u00fcr die Bienen wird der Tisch allm\u00e4hlich besser gedeckt. Hier ein paar bekannte Trachtpflanzen: Berberitze (Berberis spec.) Ehrenpreis (Veronica spec.) Erlen, Pappeln &amp; Ulmen G\u00e4nsekresse (Arabis spec.) Huflattich (Tussilago farfara) Kornelkirsche (Cornus mas.) Kuhschelle (Pulsatilla spec.) Lerchensporn (Corydalis spec.) L\u00f6wenzahn (Taraxacum officinale) Mahonie &hellip; <a class=\"kt-excerpt-readmore\" href=\"https:\/\/www.beesimple.de\/index.php\/trachtpflanzen\/04-trachtpflanzen-im-april\/\" aria-label=\"04 &#8211; Trachtpflanzen im April\">Weiterlesen<\/a><\/p>\n","protected":false},"author":1,"featured_media":0,"parent":387,"menu_order":0,"comment_status":"closed","ping_status":"closed","template":"","meta":{"footnotes":""},"class_list":["post-394","page","type-page","status-publish","hentry"],"_links":{"self":[{"href":"https:\/\/www.beesimple.de\/index.php\/wp-json\/wp\/v2\/pages\/394","targetHints":{"allow":["GET"]}}],"collection":[{"href":"https:\/\/www.beesimple.de\/index.php\/wp-json\/wp\/v2\/pages"}],"about":[{"href":"https:\/\/www.beesimple.de\/index.php\/wp-json\/wp\/v2\/types\/page"}],"author":[{"embeddable":true,"href":"https:\/\/www.beesimple.de\/index.php\/wp-json\/wp\/v2\/users\/1"}],"replies":[{"embeddable":true,"href":"https:\/\/www.beesimple.de\/index.php\/wp-json\/wp\/v2\/comments?post=394"}],"version-history":[{"count":1,"href":"https:\/\/www.beesimple.de\/index.php\/wp-json\/wp\/v2\/pages\/394\/revisions"}],"predecessor-version":[{"id":400,"href":"https:\/\/www.beesimple.de\/index.php\/wp-json\/wp\/v2\/pages\/394\/revisions\/400"}],"up":[{"embeddable":true,"href":"https:\/\/www.beesimple.de\/index.php\/wp-json\/wp\/v2\/pages\/387"}],"wp:attachment":[{"href":"https:\/\/www.beesimple.de\/index.php\/wp-json\/wp\/v2\/media?parent=394"}],"curies":[{"name":"wp","href":"https:\/\/api.w.org\/{rel}","templated":true}]}}