{"id":411,"date":"2017-07-04T19:00:32","date_gmt":"2017-07-04T17:00:32","guid":{"rendered":"http:\/\/www.beesimple.de\/wordpress\/?page_id=411"},"modified":"2017-07-05T21:44:57","modified_gmt":"2017-07-05T19:44:57","slug":"07-trachtpflanzen-im-juli","status":"publish","type":"page","link":"https:\/\/www.beesimple.de\/index.php\/07-trachtpflanzen-im-juli\/","title":{"rendered":"07 &#8211; Trachtpflanzen im Juli"},"content":{"rendered":"<h2>Juli<\/h2>\n<p>&nbsp;<\/p>\n<p>Hurra, hurra der Sommer ist da &#8211; und mit auch wieder sch\u00f6ne Blumen. Die Imker auf dem Land haben jetzt aber eine gr\u00fcne W\u00fcste vor sich, denn es ist zwar alles gr\u00fcn, aber nichts mehr bunt. Damit gibt es jetzt auch f\u00fcr die Bienen nicht mehr so viel Futter. Ist es jetzt zur rechten Zeit feucht genug, wird die Linde Honigen &#8211; so die Hoffnung. Die Futtervorr\u00e4te sollte \u00a0man dennoch kontrollieren!<\/p>\n<ul>\n<li>Buchweizen (Fagopyrum esculentum)<\/li>\n<li>Duftnessel (Agastache spec.)<\/li>\n<li>Echte Kastanie (Castanea sativa)<\/li>\n<li>Faulbaum (Rhamnus frangula)<\/li>\n<li>Fenchel (Foeniculum vulgare)<\/li>\n<li>G\u00f6tterbaum (Ailanthus altissima)<\/li>\n<li>Korkbaum (Phellodendron amurense)<\/li>\n<li>Kugeldistel (Echinops spec.)<\/li>\n<li>Lavendel (Lavendula angustifolia)<\/li>\n<li>Lederh\u00fclsenbaum (Gleditsia triacanthos)<\/li>\n<li>Luzerne (Medicago varia)<\/li>\n<li>Malve (Malva spec.)<\/li>\n<li>Rotklee (Trifolium pratense)<\/li>\n<li>Schneebeere \/ Korallenbeere (Symphoricarpos spec.)<\/li>\n<li>Schnurbaum (Sophora japonica)<\/li>\n<li>Sonnenblume (Helianthus annuus) Es gibt Arten mit viel und wenig Nektar. Vorher informieren. Berufsimker wandern Sonnenblumenfelder<\/li>\n<li>deswegen gar nicht mehr an.<\/li>\n<li>Stinkesche \/ Bienenbaum (Euodia spec.) Sollte jeder Imker in seinen Garten pflanzen<\/li>\n<li>Stockrose (Alcea spec.)<\/li>\n<li>Trompetenbaum (Catalpa bignonioides)<\/li>\n<li>Waldrebe (Clematis Jackmanii Sorten)<\/li>\n<li>Wei\u00dfer- und gelber Steinklee (Melliotus alba \/ officinales)<\/li>\n<li>Winter \/ Silberlinde (Tillia cordata \/ T. euchlora \/ T. tomentosa)<\/li>\n<\/ul>\n<p>Fehlt hier was in der Aufz\u00e4hlung? Tipps oder Anregungen? Dann schreib an drohne@beesimple.de<\/p>\n","protected":false},"excerpt":{"rendered":"<p>Juli &nbsp; Hurra, hurra der Sommer ist da &#8211; und mit auch wieder sch\u00f6ne Blumen. Die Imker auf dem Land haben jetzt aber eine gr\u00fcne W\u00fcste vor sich, denn es ist zwar alles gr\u00fcn, aber nichts mehr bunt. Damit gibt es jetzt auch f\u00fcr die Bienen nicht mehr so viel &hellip; <a class=\"kt-excerpt-readmore\" href=\"https:\/\/www.beesimple.de\/index.php\/07-trachtpflanzen-im-juli\/\" aria-label=\"07 &#8211; Trachtpflanzen im Juli\">Weiterlesen<\/a><\/p>\n","protected":false},"author":1,"featured_media":0,"parent":0,"menu_order":0,"comment_status":"closed","ping_status":"closed","template":"","meta":{"footnotes":""},"class_list":["post-411","page","type-page","status-publish","hentry"],"_links":{"self":[{"href":"https:\/\/www.beesimple.de\/index.php\/wp-json\/wp\/v2\/pages\/411","targetHints":{"allow":["GET"]}}],"collection":[{"href":"https:\/\/www.beesimple.de\/index.php\/wp-json\/wp\/v2\/pages"}],"about":[{"href":"https:\/\/www.beesimple.de\/index.php\/wp-json\/wp\/v2\/types\/page"}],"author":[{"embeddable":true,"href":"https:\/\/www.beesimple.de\/index.php\/wp-json\/wp\/v2\/users\/1"}],"replies":[{"embeddable":true,"href":"https:\/\/www.beesimple.de\/index.php\/wp-json\/wp\/v2\/comments?post=411"}],"version-history":[{"count":4,"href":"https:\/\/www.beesimple.de\/index.php\/wp-json\/wp\/v2\/pages\/411\/revisions"}],"predecessor-version":[{"id":434,"href":"https:\/\/www.beesimple.de\/index.php\/wp-json\/wp\/v2\/pages\/411\/revisions\/434"}],"wp:attachment":[{"href":"https:\/\/www.beesimple.de\/index.php\/wp-json\/wp\/v2\/media?parent=411"}],"curies":[{"name":"wp","href":"https:\/\/api.w.org\/{rel}","templated":true}]}}