{"id":5,"date":"2017-01-02T14:50:51","date_gmt":"2017-01-02T13:50:51","guid":{"rendered":"http:\/\/www.beesimple.de\/wordpress\/?page_id=5"},"modified":"2019-02-17T16:43:54","modified_gmt":"2019-02-17T15:43:54","slug":"meine-bienen","status":"publish","type":"page","link":"https:\/\/www.beesimple.de\/index.php\/rund-um-die-biene\/meine-bienen\/","title":{"rendered":"Meine Bienen"},"content":{"rendered":"<p>Hier ein paar Informationen zu meinen Bienen und zur meiner Bienenhaltung.<\/p>\n                \t<style type=\"text\/css\">\n                \t.kad-slider-151 .kad-slider .kadcaptiontitle {font-size:76px;}.kad-slider-151 .kad-slider .kadcaptiontitle {font-weight:400;}.kad-slider-151 .kad-slider .kadcaptiontitle {letter-spacing:normalpx;}.kad-slider-151 .kad-slider .kadcaptiontext p {font-size:24px;}.kad-slider-151 .kad-slider .kadcaptiontext p {font-weight:400;}.kad-slider-151 .kad-slider .kadcaptiontext p {letter-spacing:normalpx;}.kad-slider-151 .kad-slider .caption-case-inner {text-align:center;}@media (max-width: 992px) {.kad-slider-151 .kad-slider .kadcaptiontext p {font-size:18px;}.kad-slider-151 .kad-slider .kadcaptiontitle {font-size:50px;}} @media (max-width: 767px) {.kad-slider-151 .kad-slider .kadcaptiontitle {font-size:26px;}.kad-slider-151 .kad-slider .kadcaptiontext p {font-size:14px;}}                \t<\/style>\n\t\t\t  \t<div class=\"kad-slider-wrapper   kad-slider-151\" data-ktslider-id=\"151\" data-ktslider-auto-play=\"true\" data-ktslider-pause-time=\"9000\" data-ktslider-height=\"580\" data-ktslider-height-type=\"normal\" style=\"max-width:1140px; margin-left: auto; margin-right:auto;\">\n\t\t\t    \t<div id=\"kad-slider-151\" class=\"kad-slider kad-loading\" style=\"margin-left: auto; margin-right:auto; height:580px; \">\n\t\t\t        \t<ul class=\"kad-slider-canvas seq-canvas\" style=\"height:580px;\" >\n\t\t\t        \t\t\t\t                      <li> \n\t\t\t                              <div class=\"kad-slide kad-slide-1  \" style=\"background-image: url('https:\/\/www.beesimple.de\/wp-content\/uploads\/2017\/01\/IMG_0692.jpg'); background-size:cover; background-repeat: no-repeat;\">\n\t\t\t                              \t<div class=\"caption-case kad-placement-cc\">\n\t\t\t                                \t<div class=\"kad-slide-caption animated kt-fadeIn kt-fadeOut\">\n\t\t\t                                \t\t<div class=\"caption-case-inner\" data-0=\"opacity: 1;\" data-300=\"opacity: 0;\">\n\t\t\t\t\t                                \t\t\t\t\t                                \t\t\t\t\t                                \t\t\t\t\t                                \t\t\t                                \t\t<\/div> \n\t\t\t                                \t<\/div> \n\t\t\t                            \t<\/div>\n\t\t\t                            <\/div>\n\t\t\t                      \t<\/li> \n\t\t\t                      \t\t\t\t            \t\t\t                      <li> \n\t\t\t                              <div class=\"kad-slide kad-slide-2  \" style=\"background-image: url('https:\/\/www.beesimple.de\/wordpress\/wp-content\/uploads\/2017\/01\/IMG_0311.jpg'); background-size:cover; background-repeat: no-repeat;\">\n\t\t\t                              \t<div class=\"caption-case kad-placement-cc\">\n\t\t\t                                \t<div class=\"kad-slide-caption animated kt-fadeIn kt-fadeOut\">\n\t\t\t                                \t\t<div class=\"caption-case-inner\" data-0=\"opacity: 1;\" data-300=\"opacity: 0;\">\n\t\t\t\t\t                                \t\t\t\t\t                                \t\t\t\t\t                                \t\t\t\t\t                                \t\t\t                                \t\t<\/div> \n\t\t\t                                \t<\/div> \n\t\t\t                            \t<\/div>\n\t\t\t                            <\/div>\n\t\t\t                      \t<\/li> \n\t\t\t                      \t\t\t\t            \t\t\t                      <li> \n\t\t\t                              <div class=\"kad-slide kad-slide-3  \" style=\"background-image: url('https:\/\/www.beesimple.de\/wp-content\/uploads\/2017\/01\/IMG_0735.jpg'); background-size:cover; background-repeat: no-repeat;\">\n\t\t\t                              \t<div class=\"caption-case kad-placement-cc\">\n\t\t\t                                \t<div class=\"kad-slide-caption animated kt-fadeIn kt-fadeOut\">\n\t\t\t                                \t\t<div class=\"caption-case-inner\" data-0=\"opacity: 1;\" data-300=\"opacity: 0;\">\n\t\t\t\t\t                                \t\t\t\t\t                                \t\t\t\t\t                                \t\t\t\t\t                                \t\t\t                                \t\t<\/div> \n\t\t\t                                \t<\/div> \n\t\t\t                            \t<\/div>\n\t\t\t                            <\/div>\n\t\t\t                      \t<\/li> \n\t\t\t                      \t\t\t\t            \t\t\t                      <li> \n\t\t\t                              <div class=\"kad-slide kad-slide-4  \" style=\"background-image: url('https:\/\/www.beesimple.de\/wp-content\/uploads\/2018\/03\/IMG_6410.jpg'); background-size:cover; background-repeat: no-repeat;\">\n\t\t\t                              \t<div class=\"caption-case kad-placement-cc\">\n\t\t\t                                \t<div class=\"kad-slide-caption animated kt-fadeIn kt-fadeOut\">\n\t\t\t                                \t\t<div class=\"caption-case-inner\" data-0=\"opacity: 1;\" data-300=\"opacity: 0;\">\n\t\t\t\t\t                                \t\t\t\t\t                                \t\t\t\t\t                                \t\t\t\t\t                                \t\t\t                                \t\t<\/div> \n\t\t\t                                \t<\/div> \n\t\t\t                            \t<\/div>\n\t\t\t                            <\/div>\n\t\t\t                      \t<\/li> \n\t\t\t                      \t\t\t\t            \t\t\t                      <li> \n\t\t\t                              <div class=\"kad-slide kad-slide-5  \" style=\"background-image: url('https:\/\/www.beesimple.de\/wp-content\/uploads\/Bienen\/IMG_3403.jpg'); background-size:cover; background-repeat: no-repeat;\">\n\t\t\t                              \t<div class=\"caption-case kad-placement-bc\">\n\t\t\t                                \t<div class=\"kad-slide-caption animated kt-fadeIn kt-fadeOut\">\n\t\t\t                                \t\t<div class=\"caption-case-inner\" data-0=\"opacity: 1;\" data-300=\"opacity: 0;\">\n\t\t\t\t\t                                \t\t\t\t\t                                \t\t\t\t\t                                \t\t\t\t\t                                \t\t\t                                \t\t<\/div> \n\t\t\t                                \t<\/div> \n\t\t\t                            \t<\/div>\n\t\t\t                            <\/div>\n\t\t\t                      \t<\/li> \n\t\t\t                      \t\t\t\t            \t\t\t        \t<\/ul>\n\t\t\t        \t<ul class=\"kad-slider-pagination kad-pag-151\">\n\t\t\t        \t\t\t\t\t\t\t\t    <li class=\"kad-slider-dot\"><\/li>\n\t\t\t\t\t\t    \t\t\t\t\t\t    <li class=\"kad-slider-dot\"><\/li>\n\t\t\t\t\t\t    \t\t\t\t\t\t    <li class=\"kad-slider-dot\"><\/li>\n\t\t\t\t\t\t    \t\t\t\t\t\t    <li class=\"kad-slider-dot\"><\/li>\n\t\t\t\t\t\t    \t\t\t\t\t\t    <li class=\"kad-slider-dot\"><\/li>\n\t\t\t\t\t\t    \t\t\t\t\t\t<\/ul>\n\t\t\t        \t<a class=\"kad-slider-next kad-slider-navigate kad-next-151\"><\/a>\n\t\t\t        \t<a class=\"kad-slider-prev kad-slider-navigate kad-prev-151\"><\/a>\n\t\t\t        \t\t\t\t      <\/div> <!--kad-slides-->\n\t\t\t  <\/div> <!--kad-slider-->\n            \t\t\n\t\n<p>Ich halte &#8222;Carnica&#8220;, so der Name der Biene. F\u00fcr mich ist es wichtig, dass ich eine Biene habe, die zu mir und meiner Betriebsweise (Segeberger Beute, Kaltbau, etc.) passt und die vor allem in der Gegend, in der sie leben mu\u00df, auch zurecht kommt. Es gibt immer wieder Imker, die sich von sonstwo Bienen importieren und dann erwarten, dass die Biene auch gut &#8222;performt&#8220;. Wenn Sie das nicht tut, ist die Biene oder meist der Z\u00fcchter der Schuldige. Tats\u00e4chlich sollte man aber die Fehler bei sich selber suchen.<\/p>\n<p>Da nun jeder Imker einen gewissen Bedarf an K\u00f6niginnen hat &#8211; so auch ich &#8211; habe ich mich mit dem ersten Volk auch gleich um Literatur und Wissen \u00fcber die Vermehrung bem\u00fcht. Ich finde die Zucht auch interessanter als die &#8222;Honiggewinnung&#8220;.<\/p>\n<p>Ich bin aktiver Z\u00fcchter und verfolge die Linie Troiseck. Das hei\u00dft, dass die K\u00f6nigin die ich begatten lassen m\u00f6chte auch f\u00fcr die Begattung zur Inselbelegstelle nach List gebracht werden m\u00fcssen. Das ist ziemliche Terminarbeit und artet schon ein wenig in Stress aus &#8211; macht aber eben auch Spa\u00df. Ich kann das nur weiterempfehlen und man lernt \u00fcber die Bienen noch mal so viel mehr, als wenn man sich immer nur K\u00f6nigin dazu kauft. Letzteres mu\u00df aber jeder f\u00fcr sich entscheiden und so <a href=\"https:\/\/www.beesimple.de\/index.php\/rund-um-die-biene\/bienen-kaufen\/\">verkaufe<\/a> ich auch K\u00f6nigin. Ich bin aktives Mitglied im Z\u00fcchterring <a href=\"https:\/\/www.zuechterring-holsteinische-schweiz.de\/\" target=\"_blank\" rel=\"noopener\">Holsteinische Schweiz<\/a> .<\/p>\n<p>Ansonsten halte ich 12 Wirtschaftsv\u00f6lker von denen die H\u00e4lfte aus sog. &#8222;Inselk\u00f6niginen&#8220; besteht und die andere H\u00e4lfte aus eigenen Wirtschaftsk\u00f6nigin oder auch besamten K\u00f6nigin. Auch zur Verwunderung des ein oder anderen, auch bei den Bienen gibt es Besamung! So wie bei Schweinen, Rindern, Pferden etc. . Es ist alles eben nur ein wenig kleiner. Vom 04.-06.M\u00e4rz 2017 habe ich am Lehrgang f\u00fcr Besamung bei Klaus Burmeister teilgenommen und mir das Grundwissen angeeignet. Erst Versuche haben ebenfalls schon geklappt.<\/p>\n","protected":false},"excerpt":{"rendered":"<p>Hier ein paar Informationen zu meinen Bienen und zur meiner Bienenhaltung. Ich halte &#8222;Carnica&#8220;, so der Name der Biene. F\u00fcr mich ist es wichtig, dass ich eine Biene habe, die zu mir und meiner Betriebsweise (Segeberger Beute, Kaltbau, etc.) passt und die vor allem in der Gegend, in der sie &hellip; <a class=\"kt-excerpt-readmore\" href=\"https:\/\/www.beesimple.de\/index.php\/rund-um-die-biene\/meine-bienen\/\" aria-label=\"Meine Bienen\">Weiterlesen<\/a><\/p>\n","protected":false},"author":1,"featured_media":0,"parent":13,"menu_order":0,"comment_status":"closed","ping_status":"closed","template":"page-fullwidth.php","meta":{"footnotes":""},"class_list":["post-5","page","type-page","status-publish","hentry"],"_links":{"self":[{"href":"https:\/\/www.beesimple.de\/index.php\/wp-json\/wp\/v2\/pages\/5","targetHints":{"allow":["GET"]}}],"collection":[{"href":"https:\/\/www.beesimple.de\/index.php\/wp-json\/wp\/v2\/pages"}],"about":[{"href":"https:\/\/www.beesimple.de\/index.php\/wp-json\/wp\/v2\/types\/page"}],"author":[{"embeddable":true,"href":"https:\/\/www.beesimple.de\/index.php\/wp-json\/wp\/v2\/users\/1"}],"replies":[{"embeddable":true,"href":"https:\/\/www.beesimple.de\/index.php\/wp-json\/wp\/v2\/comments?post=5"}],"version-history":[{"count":7,"href":"https:\/\/www.beesimple.de\/index.php\/wp-json\/wp\/v2\/pages\/5\/revisions"}],"predecessor-version":[{"id":1109,"href":"https:\/\/www.beesimple.de\/index.php\/wp-json\/wp\/v2\/pages\/5\/revisions\/1109"}],"up":[{"embeddable":true,"href":"https:\/\/www.beesimple.de\/index.php\/wp-json\/wp\/v2\/pages\/13"}],"wp:attachment":[{"href":"https:\/\/www.beesimple.de\/index.php\/wp-json\/wp\/v2\/media?parent=5"}],"curies":[{"name":"wp","href":"https:\/\/api.w.org\/{rel}","templated":true}]}}