{"id":69,"date":"2017-01-02T14:55:29","date_gmt":"2017-01-02T13:55:29","guid":{"rendered":"http:\/\/www.beesimple.de\/wordpress\/?page_id=69"},"modified":"2018-03-22T20:11:42","modified_gmt":"2018-03-22T19:11:42","slug":"was-ist-honig","status":"publish","type":"page","link":"https:\/\/www.beesimple.de\/index.php\/rund-um-den-honig\/was-ist-honig\/","title":{"rendered":"Was ist Honig?"},"content":{"rendered":"<h2>Was ist eigentlich Honig?<\/h2>\n<p>Honig ist mehr als nur ein Zuckerwasser was die Bienen produzieren. Honig ist eine komplexe Mischung aus einer Vielzahl an Stoffen und Aromen den die Bienen herstellen. Dazu fliegen die Bienen die Bl\u00fcten an und saugen den Nektar auf. Der Nektar landet im Honigmagen der Biene und wird dort bereits mit den ersten Enzymen versetzt. Im Bienenstock angekommen, wird der Honig von der Sammlerin an die n\u00e4chste Biene im Stock weitergegeben, die den Honig dann einlagert. Dabei wird der Nektar immer wieder aufgenommen und neu abgelagert. Entweder von Biene zu Biene oder von Biene in die Wabe. Die Bienen machen das so lange, bis der Honig &#8222;angemessen&#8220; \u00fcber so wenig Wasser verf\u00fcgt, bis er f\u00fcr die Bienen lagerf\u00e4hig geworden ist. Im Anschlu\u00df wird die Honigzelle noch mit einem Wachsdeckel verschlossen und aus dem Nektar ist nun Honig geworden.<\/p>\n<p>Was hier beschrieben steht ist allerdings nur die Kurzfassung dessen, was da so passiert. Bienen besorgen sich unter anderem auch den Nektar von den B\u00e4umen (extraflorale Nektarien) oder sammeln den Tau der Blattl\u00e4use, woraus dann h\u00e4ufig der sogenannte Waldhonig wird.<\/p>\n<p>&nbsp;<\/p>\n<figure id=\"attachment_835\" class=\"thumbnail wp-caption alignnone\" style=\"width: 1024px\"><a href=\"https:\/\/www.beesimple.de\/wp-content\/uploads\/Bienen\/IMG_3403.jpg\" target=\"_blank\" rel=\"noopener\"><img loading=\"lazy\" decoding=\"async\" class=\"wp-image-835 size-large\" src=\"https:\/\/www.beesimple.de\/wp-content\/uploads\/Bienen\/IMG_3403-1024x768.jpg\" alt=\"Honigwabe\" width=\"1024\" height=\"768\" srcset=\"https:\/\/www.beesimple.de\/wp-content\/uploads\/Bienen\/IMG_3403-1024x768.jpg 1024w, https:\/\/www.beesimple.de\/wp-content\/uploads\/Bienen\/IMG_3403-300x225.jpg 300w, https:\/\/www.beesimple.de\/wp-content\/uploads\/Bienen\/IMG_3403.jpg 2048w, https:\/\/www.beesimple.de\/wp-content\/uploads\/Bienen\/IMG_3403-300x225@2x.jpg 600w\" sizes=\"auto, (max-width: 1024px) 100vw, 1024px\" \/><\/a><figcaption class=\"caption wp-caption-text\">Honigwabe<\/figcaption><\/figure>\n<p>&nbsp;<\/p>\n","protected":false},"excerpt":{"rendered":"<p>Was ist eigentlich Honig? Honig ist mehr als nur ein Zuckerwasser was die Bienen produzieren. Honig ist eine komplexe Mischung aus einer Vielzahl an Stoffen und Aromen den die Bienen herstellen. Dazu fliegen die Bienen die Bl\u00fcten an und saugen den Nektar auf. Der Nektar landet im Honigmagen der Biene &hellip; <a class=\"kt-excerpt-readmore\" href=\"https:\/\/www.beesimple.de\/index.php\/rund-um-den-honig\/was-ist-honig\/\" aria-label=\"Was ist Honig?\">Weiterlesen<\/a><\/p>\n","protected":false},"author":1,"featured_media":0,"parent":14,"menu_order":0,"comment_status":"closed","ping_status":"closed","template":"page-fullwidth.php","meta":{"footnotes":""},"class_list":["post-69","page","type-page","status-publish","hentry"],"_links":{"self":[{"href":"https:\/\/www.beesimple.de\/index.php\/wp-json\/wp\/v2\/pages\/69","targetHints":{"allow":["GET"]}}],"collection":[{"href":"https:\/\/www.beesimple.de\/index.php\/wp-json\/wp\/v2\/pages"}],"about":[{"href":"https:\/\/www.beesimple.de\/index.php\/wp-json\/wp\/v2\/types\/page"}],"author":[{"embeddable":true,"href":"https:\/\/www.beesimple.de\/index.php\/wp-json\/wp\/v2\/users\/1"}],"replies":[{"embeddable":true,"href":"https:\/\/www.beesimple.de\/index.php\/wp-json\/wp\/v2\/comments?post=69"}],"version-history":[{"count":6,"href":"https:\/\/www.beesimple.de\/index.php\/wp-json\/wp\/v2\/pages\/69\/revisions"}],"predecessor-version":[{"id":79,"href":"https:\/\/www.beesimple.de\/index.php\/wp-json\/wp\/v2\/pages\/69\/revisions\/79"}],"up":[{"embeddable":true,"href":"https:\/\/www.beesimple.de\/index.php\/wp-json\/wp\/v2\/pages\/14"}],"wp:attachment":[{"href":"https:\/\/www.beesimple.de\/index.php\/wp-json\/wp\/v2\/media?parent=69"}],"curies":[{"name":"wp","href":"https:\/\/api.w.org\/{rel}","templated":true}]}}